{"id":24931,"date":"2025-09-30T13:44:43","date_gmt":"2025-09-30T11:44:43","guid":{"rendered":"https:\/\/veganbutcher.be\/partners\/"},"modified":"2026-02-19T13:44:56","modified_gmt":"2026-02-19T12:44:56","slug":"partners","status":"publish","type":"page","link":"https:\/\/veganbutcher.be\/nl\/partners\/","title":{"rendered":"Partners"},"content":{"rendered":"\t\t<div data-elementor-type=\"wp-page\" data-elementor-id=\"24931\" class=\"elementor elementor-24931 elementor-24800\" data-elementor-post-type=\"page\">\n\t\t\t\t\t\t<section class=\"elementor-section elementor-top-section elementor-element elementor-element-295c512 elementor-section-full_width elementor-section-height-min-height elementor-section-height-default elementor-section-items-middle\" data-id=\"295c512\" data-element_type=\"section\" data-e-type=\"section\" data-settings=\"{&quot;background_background&quot;:&quot;classic&quot;}\">\n\t\t\t\t\t\t\t<div class=\"elementor-background-overlay\"><\/div>\n\t\t\t\t\t\t\t<div class=\"elementor-container elementor-column-gap-default\">\n\t\t\t\t\t<div class=\"elementor-column elementor-col-100 elementor-top-column elementor-element elementor-element-9a9de3d\" data-id=\"9a9de3d\" data-element_type=\"column\" data-e-type=\"column\">\n\t\t\t<div class=\"elementor-widget-wrap elementor-element-populated\">\n\t\t\t\t\t\t\t<\/div>\n\t\t<\/div>\n\t\t\t\t\t<\/div>\n\t\t<\/section>\n\t\t\t\t<section class=\"elementor-section elementor-top-section elementor-element elementor-element-3efca61 elementor-section-boxed elementor-section-height-default elementor-section-height-default\" data-id=\"3efca61\" data-element_type=\"section\" data-e-type=\"section\">\n\t\t\t\t\t\t<div class=\"elementor-container elementor-column-gap-default\">\n\t\t\t\t\t<div class=\"elementor-column elementor-col-100 elementor-top-column elementor-element elementor-element-c43ea22\" data-id=\"c43ea22\" data-element_type=\"column\" data-e-type=\"column\">\n\t\t\t<div class=\"elementor-widget-wrap elementor-element-populated\">\n\t\t\t\t\t\t<section class=\"elementor-section elementor-inner-section elementor-element elementor-element-79bf34e elementor-section-boxed elementor-section-height-default elementor-section-height-default\" data-id=\"79bf34e\" data-element_type=\"section\" data-e-type=\"section\">\n\t\t\t\t\t\t<div class=\"elementor-container elementor-column-gap-default\">\n\t\t\t\t\t<div class=\"elementor-column elementor-col-100 elementor-inner-column elementor-element elementor-element-6bbedbb\" data-id=\"6bbedbb\" data-element_type=\"column\" data-e-type=\"column\">\n\t\t\t<div class=\"elementor-widget-wrap elementor-element-populated\">\n\t\t\t\t\t\t<div class=\"elementor-element elementor-element-848c210 elementor-widget elementor-widget-text-editor\" data-id=\"848c210\" data-element_type=\"widget\" data-e-type=\"widget\" data-widget_type=\"text-editor.default\">\n\t\t\t\t<div class=\"elementor-widget-container\">\n\t\t\t\t\t\t\t\t\t<p>We werken samen met supermarkten, speciaalzaken en horecapartners die geloven in goede smaak en duurzaamheid. Hier kun je onze producten kopen of ervan genieten tijdens een maaltijd. <\/p>\t\t\t\t\t\t\t\t<\/div>\n\t\t\t\t<\/div>\n\t\t\t\t\t<\/div>\n\t\t<\/div>\n\t\t\t\t\t<\/div>\n\t\t<\/section>\n\t\t\t\t\t<\/div>\n\t\t<\/div>\n\t\t\t\t\t<\/div>\n\t\t<\/section>\n\t\t\t\t<section class=\"elementor-section elementor-top-section elementor-element elementor-element-21049dc elementor-section-boxed elementor-section-height-default elementor-section-height-default\" data-id=\"21049dc\" data-element_type=\"section\" data-e-type=\"section\">\n\t\t\t\t\t\t<div class=\"elementor-container elementor-column-gap-default\">\n\t\t\t\t\t<div class=\"elementor-column elementor-col-100 elementor-top-column elementor-element elementor-element-09f9081\" data-id=\"09f9081\" data-element_type=\"column\" data-e-type=\"column\">\n\t\t\t<div class=\"elementor-widget-wrap elementor-element-populated\">\n\t\t\t\t\t\t<div class=\"elementor-element elementor-element-42e8996 elementor-widget elementor-widget-heading\" data-id=\"42e8996\" data-element_type=\"widget\" data-e-type=\"widget\" data-widget_type=\"heading.default\">\n\t\t\t\t<div class=\"elementor-widget-container\">\n\t\t\t\t\t<h2 class=\"elementor-heading-title elementor-size-default\">SUPERMARKTEN &amp; WINKELS<\/h2>\t\t\t\t<\/div>\n\t\t\t\t<\/div>\n\t\t\t\t<div class=\"elementor-element elementor-element-3eeac69 elementor-widget elementor-widget-text-editor\" data-id=\"3eeac69\" data-element_type=\"widget\" data-e-type=\"widget\" data-widget_type=\"text-editor.default\">\n\t\t\t\t<div class=\"elementor-widget-container\">\n\t\t\t\t\t\t\t\t\t<p>Op zoek naar Vegan Butcher producten bij jou in de buurt?<\/p><p>Hieronder vind je een kaart van Belgi\u00eb met de supermarkten die onze producten verkopen. Sommige winkels bieden een beperkte selectie, terwijl andere tot 10 verschillende artikelen uit ons assortiment op voorraad hebben. <\/p><p>Wil je toegang tot ons volledige assortiment? <a href=\"https:\/\/shop.veganbutcher.be\/\" target=\"_blank\" rel=\"noopener\">Bezoek onze webshop<\/a>. We leveren in heel Belgi\u00eb in een koelbox met Bpost 24 uurs service zodat alles vers en perfect gekoeld aankomt. <\/p>\t\t\t\t\t\t\t\t<\/div>\n\t\t\t\t<\/div>\n\t\t\t\t\t<\/div>\n\t\t<\/div>\n\t\t\t\t\t<\/div>\n\t\t<\/section>\n\t\t\t\t<section class=\"elementor-section elementor-top-section elementor-element elementor-element-36f4c8b elementor-section-boxed elementor-section-height-default elementor-section-height-default\" data-id=\"36f4c8b\" data-element_type=\"section\" data-e-type=\"section\">\n\t\t\t\t\t\t<div class=\"elementor-container elementor-column-gap-default\">\n\t\t\t\t\t<div class=\"elementor-column elementor-col-100 elementor-top-column elementor-element elementor-element-9ef36cf\" data-id=\"9ef36cf\" data-element_type=\"column\" data-e-type=\"column\">\n\t\t\t<div class=\"elementor-widget-wrap elementor-element-populated\">\n\t\t\t\t\t\t<div class=\"elementor-element elementor-element-fd421bb elementor-widget elementor-widget-shortcode\" data-id=\"fd421bb\" data-element_type=\"widget\" data-e-type=\"widget\" data-widget_type=\"shortcode.default\">\n\t\t\t\t<div class=\"elementor-widget-container\">\n\t\t\t\t\t\t\t<div class=\"elementor-shortcode\">\t<div class=\"pm-container\">\r\n\t\t<div class=\"pm-sidebar\">\r\n\t\t\t<div class=\"pm-search-container\">\r\n\t\t\t\t<input type=\"text\" id=\"pm-search\" placeholder=\"Search stores...\" \/>\r\n\t\t\t<\/div>\r\n\t\t\t<ul class=\"pm-store-list\" id=\"pm-store-list\">\r\n\t\t\t\t<li class=\"pm-store-item\" data-lat=\"50.8731756\" data-lng=\"4.327053\" data-id=\"25526\" data-name=\"intermarch\u00e9 jette\" data-address=\"rue l\u00e9opold i 513, 1090 jette\">\r\n\t\t\t\t\t\t<div class=\"pm-store-name\">Intermarch\u00e9 Jette<\/div>\r\n\t\t\t\t\t\t<div class=\"pm-store-address\">Rue L\u00e9opold I 513, 1090 Jette<\/div>\r\n\t\t\t\t\t\t<div class=\"pm-store-tags\">\r\n\t\t\t\t\t\t\t<span class=\"pm-tag pm-tag-intermarche\">intermarche<\/span>\r\n\t\t\t\t\t\t<\/div>\r\n\t\t\t\t\t<\/li><li class=\"pm-store-item\" data-lat=\"50.81980\" data-lng=\"4.36090\" data-id=\"25523\" data-name=\"delhaize moli\u00e8re\" data-address=\"chau. de waterloo 536, 1050 ixelles\">\r\n\t\t\t\t\t\t<div class=\"pm-store-name\">Delhaize Moli\u00e8re<\/div>\r\n\t\t\t\t\t\t<div class=\"pm-store-address\">Chau. de Waterloo 536, 1050 Ixelles<\/div>\r\n\t\t\t\t\t\t<div class=\"pm-store-tags\">\r\n\t\t\t\t\t\t\t<span class=\"pm-tag pm-tag-delhaize\">delhaize<\/span>\r\n\t\t\t\t\t\t<\/div>\r\n\t\t\t\t\t<\/li><li class=\"pm-store-item\" data-lat=\"51.026713\" data-lng=\"3.710904\" data-id=\"25521\" data-name=\"delhaize gent ster\" data-address=\"kortrijksesteenweg 906, 9000 gent\">\r\n\t\t\t\t\t\t<div class=\"pm-store-name\">Delhaize Gent Ster<\/div>\r\n\t\t\t\t\t\t<div class=\"pm-store-address\">Kortrijksesteenweg 906, 9000 Gent<\/div>\r\n\t\t\t\t\t\t<div class=\"pm-store-tags\">\r\n\t\t\t\t\t\t\t<span class=\"pm-tag pm-tag-delhaize\">delhaize<\/span>\r\n\t\t\t\t\t\t<\/div>\r\n\t\t\t\t\t<\/li><li class=\"pm-store-item\" data-lat=\"50.804923\" data-lng=\"4.369060\" data-id=\"25520\" data-name=\"delhaize de fr\u00e9\" data-address=\"avenue de fr\u00e9 94, 1180 uccle\">\r\n\t\t\t\t\t\t<div class=\"pm-store-name\">Delhaize De Fr\u00e9<\/div>\r\n\t\t\t\t\t\t<div class=\"pm-store-address\">Avenue De Fr\u00e9 94, 1180 Uccle<\/div>\r\n\t\t\t\t\t\t<div class=\"pm-store-tags\">\r\n\t\t\t\t\t\t\t<span class=\"pm-tag pm-tag-delhaize\">delhaize<\/span>\r\n\t\t\t\t\t\t<\/div>\r\n\t\t\t\t\t<\/li><li class=\"pm-store-item\" data-lat=\"51.047775\" data-lng=\"3.708165\" data-id=\"25519\" data-name=\"delhaize watersport\" data-address=\"jubileumlaan 15, 9000 gent\">\r\n\t\t\t\t\t\t<div class=\"pm-store-name\">Delhaize Watersport<\/div>\r\n\t\t\t\t\t\t<div class=\"pm-store-address\">Jubileumlaan 15, 9000 Gent<\/div>\r\n\t\t\t\t\t\t<div class=\"pm-store-tags\">\r\n\t\t\t\t\t\t\t<span class=\"pm-tag pm-tag-delhaize\">delhaize<\/span>\r\n\t\t\t\t\t\t<\/div>\r\n\t\t\t\t\t<\/li><li class=\"pm-store-item\" data-lat=\"50.7215\" data-lng=\"4.5160\" data-id=\"25501\" data-name=\"intermarch\u00e9 genval\" data-address=\"square des papeteries 40, 1332 genval\">\r\n\t\t\t\t\t\t<div class=\"pm-store-name\">Intermarch\u00e9 Genval<\/div>\r\n\t\t\t\t\t\t<div class=\"pm-store-address\">Square des Papeteries 40, 1332 Genval<\/div>\r\n\t\t\t\t\t\t<div class=\"pm-store-tags\">\r\n\t\t\t\t\t\t\t<span class=\"pm-tag pm-tag-intermarche\">intermarche<\/span>\r\n\t\t\t\t\t\t<\/div>\r\n\t\t\t\t\t<\/li><li class=\"pm-store-item\" data-lat=\"51.0663\" data-lng=\"3.7336\" data-id=\"25499\" data-name=\"delhaize dok-noord\" data-address=\"dok-noord 7, 9000 gent\">\r\n\t\t\t\t\t\t<div class=\"pm-store-name\">Delhaize Dok-Noord<\/div>\r\n\t\t\t\t\t\t<div class=\"pm-store-address\">Dok-Noord 7, 9000 Gent<\/div>\r\n\t\t\t\t\t\t<div class=\"pm-store-tags\">\r\n\t\t\t\t\t\t\t<span class=\"pm-tag pm-tag-delhaize\">delhaize<\/span>\r\n\t\t\t\t\t\t<\/div>\r\n\t\t\t\t\t<\/li><li class=\"pm-store-item\" data-lat=\"51.0371\" data-lng=\"3.7431\" data-id=\"25498\" data-name=\"delhaize ledeberg\" data-address=\"driesstraat 96, 9050 ledeberg\">\r\n\t\t\t\t\t\t<div class=\"pm-store-name\">Delhaize Ledeberg<\/div>\r\n\t\t\t\t\t\t<div class=\"pm-store-address\">Driesstraat 96, 9050 Ledeberg<\/div>\r\n\t\t\t\t\t\t<div class=\"pm-store-tags\">\r\n\t\t\t\t\t\t\t<span class=\"pm-tag pm-tag-delhaize\">delhaize<\/span>\r\n\t\t\t\t\t\t<\/div>\r\n\t\t\t\t\t<\/li><li class=\"pm-store-item\" data-lat=\"51.0708\" data-lng=\"3.6816\" data-id=\"25497\" data-name=\"carrefour market mariakerke (gent)\" data-address=\"brugsesteenweg 494, 9030 mariakerke\">\r\n\t\t\t\t\t\t<div class=\"pm-store-name\">Carrefour market Mariakerke (Gent)<\/div>\r\n\t\t\t\t\t\t<div class=\"pm-store-address\">Brugsesteenweg 494, 9030 Mariakerke<\/div>\r\n\t\t\t\t\t\t<div class=\"pm-store-tags\">\r\n\t\t\t\t\t\t\t<span class=\"pm-tag pm-tag-carrefour\">carrefour<\/span>\r\n\t\t\t\t\t\t<\/div>\r\n\t\t\t\t\t<\/li><li class=\"pm-store-item\" data-lat=\"50.8864\" data-lng=\"4.5393\" data-id=\"25496\" data-name=\"carrefour market kortenberg\" data-address=\"marie christinastraat 19, 3070 kortenberg\">\r\n\t\t\t\t\t\t<div class=\"pm-store-name\">Carrefour market Kortenberg<\/div>\r\n\t\t\t\t\t\t<div class=\"pm-store-address\">Marie Christinastraat 19, 3070 Kortenberg<\/div>\r\n\t\t\t\t\t\t<div class=\"pm-store-tags\">\r\n\t\t\t\t\t\t\t<span class=\"pm-tag pm-tag-carrefour\">carrefour<\/span>\r\n\t\t\t\t\t\t<\/div>\r\n\t\t\t\t\t<\/li><li class=\"pm-store-item\" data-lat=\"50.7812\" data-lng=\"4.3687\" data-id=\"25494\" data-name=\"delhaize fort jaco (uccle)\" data-address=\"chauss\u00e9e de waterloo 1363, 1180 uccle\">\r\n\t\t\t\t\t\t<div class=\"pm-store-name\">Delhaize Fort Jaco (Uccle)<\/div>\r\n\t\t\t\t\t\t<div class=\"pm-store-address\">Chauss\u00e9e de Waterloo 1363, 1180 Uccle<\/div>\r\n\t\t\t\t\t\t<div class=\"pm-store-tags\">\r\n\t\t\t\t\t\t\t<span class=\"pm-tag pm-tag-delhaize\">delhaize<\/span>\r\n\t\t\t\t\t\t<\/div>\r\n\t\t\t\t\t<\/li><li class=\"pm-store-item\" data-lat=\"50.8078\" data-lng=\"4.3929\" data-id=\"25493\" data-name=\"delhaize boondael (ixelles)\" data-address=\"avenue du bois de la cambre 120, 1050 ixelles\">\r\n\t\t\t\t\t\t<div class=\"pm-store-name\">Delhaize Boondael (Ixelles)<\/div>\r\n\t\t\t\t\t\t<div class=\"pm-store-address\">Avenue du Bois de la Cambre 120, 1050 Ixelles<\/div>\r\n\t\t\t\t\t\t<div class=\"pm-store-tags\">\r\n\t\t\t\t\t\t\t<span class=\"pm-tag pm-tag-delhaize\">delhaize<\/span>\r\n\t\t\t\t\t\t<\/div>\r\n\t\t\t\t\t<\/li><li class=\"pm-store-item\" data-lat=\"50.8505\" data-lng=\"4.3915\" data-id=\"25492\" data-name=\"delhaize chazal (schaerbeek)\" data-address=\"avenue l\u00e9on mahillon 22, 1030 schaerbeek\">\r\n\t\t\t\t\t\t<div class=\"pm-store-name\">Delhaize Chazal (Schaerbeek)<\/div>\r\n\t\t\t\t\t\t<div class=\"pm-store-address\">Avenue L\u00e9on Mahillon 22, 1030 Schaerbeek<\/div>\r\n\t\t\t\t\t\t<div class=\"pm-store-tags\">\r\n\t\t\t\t\t\t\t<span class=\"pm-tag pm-tag-delhaize\">delhaize<\/span>\r\n\t\t\t\t\t\t<\/div>\r\n\t\t\t\t\t<\/li><li class=\"pm-store-item\" data-lat=\"50.8171\" data-lng=\"4.3401\" data-id=\"25491\" data-name=\"intermarch\u00e9 for\u00eat\" data-address=\"chauss\u00e9e d&#039;alsemberg 303, 1190 forest\">\r\n\t\t\t\t\t\t<div class=\"pm-store-name\">Intermarch\u00e9 For\u00eat<\/div>\r\n\t\t\t\t\t\t<div class=\"pm-store-address\">Chauss\u00e9e d&#039;Alsemberg 303, 1190 Forest<\/div>\r\n\t\t\t\t\t\t<div class=\"pm-store-tags\">\r\n\t\t\t\t\t\t\t<span class=\"pm-tag pm-tag-intermarche\">intermarche<\/span>\r\n\t\t\t\t\t\t<\/div>\r\n\t\t\t\t\t<\/li><li class=\"pm-store-item\" data-lat=\"50.8366\" data-lng=\"4.3082\" data-id=\"25490\" data-name=\"intermarch\u00e9 anderlecht\" data-address=\"boulevard industriel 41, 1070 anderlecht\">\r\n\t\t\t\t\t\t<div class=\"pm-store-name\">Intermarch\u00e9 Anderlecht<\/div>\r\n\t\t\t\t\t\t<div class=\"pm-store-address\">Boulevard Industriel 41, 1070 Anderlecht<\/div>\r\n\t\t\t\t\t\t<div class=\"pm-store-tags\">\r\n\t\t\t\t\t\t\t<span class=\"pm-tag pm-tag-intermarche\">intermarche<\/span>\r\n\t\t\t\t\t\t<\/div>\r\n\t\t\t\t\t<\/li><li class=\"pm-store-item\" data-lat=\"50.8321\" data-lng=\"4.3417\" data-id=\"25489\" data-name=\"intermarch\u00e9 st gilles\" data-address=\"chauss\u00e9e de forest 32, 1060 saint-gilles\">\r\n\t\t\t\t\t\t<div class=\"pm-store-name\">Intermarch\u00e9 St Gilles<\/div>\r\n\t\t\t\t\t\t<div class=\"pm-store-address\">Chauss\u00e9e de Forest 32, 1060 Saint-Gilles<\/div>\r\n\t\t\t\t\t\t<div class=\"pm-store-tags\">\r\n\t\t\t\t\t\t\t<span class=\"pm-tag pm-tag-intermarche\">intermarche<\/span>\r\n\t\t\t\t\t\t<\/div>\r\n\t\t\t\t\t<\/li><li class=\"pm-store-item\" data-lat=\"50.8136\" data-lng=\"4.3464\" data-id=\"25488\" data-name=\"intermarch\u00e9 uccle\" data-address=\"rue vanderkindere 121, 1180 uccle\">\r\n\t\t\t\t\t\t<div class=\"pm-store-name\">Intermarch\u00e9 Uccle<\/div>\r\n\t\t\t\t\t\t<div class=\"pm-store-address\">Rue Vanderkindere 121, 1180 Uccle<\/div>\r\n\t\t\t\t\t\t<div class=\"pm-store-tags\">\r\n\t\t\t\t\t\t\t<span class=\"pm-tag pm-tag-intermarche\">intermarche<\/span>\r\n\t\t\t\t\t\t<\/div>\r\n\t\t\t\t\t<\/li><li class=\"pm-store-item\" data-lat=\"50.8661\" data-lng=\"4.3780\" data-id=\"25487\" data-name=\"intermarch\u00e9 schaerbeek\" data-address=\"rue de jerusalem 60, 1030 schaerbeek\">\r\n\t\t\t\t\t\t<div class=\"pm-store-name\">Intermarch\u00e9 Schaerbeek<\/div>\r\n\t\t\t\t\t\t<div class=\"pm-store-address\">Rue de Jerusalem 60, 1030 Schaerbeek<\/div>\r\n\t\t\t\t\t\t<div class=\"pm-store-tags\">\r\n\t\t\t\t\t\t\t<span class=\"pm-tag pm-tag-intermarche\">intermarche<\/span>\r\n\t\t\t\t\t\t<\/div>\r\n\t\t\t\t\t<\/li>\t\t\t<\/ul>\r\n\t\t<\/div>\r\n\t\t<div id=\"partner-map\" class=\"pm-map\"><\/div>\r\n\t<\/div>\r\n\t<\/div>\n\t\t\t\t\t\t<\/div>\n\t\t\t\t<\/div>\n\t\t\t\t\t<\/div>\n\t\t<\/div>\n\t\t\t\t\t<\/div>\n\t\t<\/section>\n\t\t\t\t<section class=\"elementor-section elementor-top-section elementor-element elementor-element-bb0a356 elementor-section-boxed elementor-section-height-default elementor-section-height-default\" data-id=\"bb0a356\" data-element_type=\"section\" data-e-type=\"section\">\n\t\t\t\t\t\t<div class=\"elementor-container elementor-column-gap-default\">\n\t\t\t\t\t<div class=\"elementor-column elementor-col-100 elementor-top-column elementor-element elementor-element-d921f76\" data-id=\"d921f76\" data-element_type=\"column\" data-e-type=\"column\">\n\t\t\t<div class=\"elementor-widget-wrap elementor-element-populated\">\n\t\t\t\t\t\t<div class=\"elementor-element elementor-element-69f24a6 elementor-widget elementor-widget-heading\" data-id=\"69f24a6\" data-element_type=\"widget\" data-e-type=\"widget\" data-widget_type=\"heading.default\">\n\t\t\t\t<div class=\"elementor-widget-container\">\n\t\t\t\t\t<h2 class=\"elementor-heading-title elementor-size-default\">HORECA<\/h2>\t\t\t\t<\/div>\n\t\t\t\t<\/div>\n\t\t\t\t\t<\/div>\n\t\t<\/div>\n\t\t\t\t\t<\/div>\n\t\t<\/section>\n\t\t\t\t<section class=\"elementor-section elementor-top-section elementor-element elementor-element-8d446a8 elementor-section-boxed elementor-section-height-default elementor-section-height-default\" data-id=\"8d446a8\" data-element_type=\"section\" data-e-type=\"section\">\n\t\t\t\t\t\t<div class=\"elementor-container elementor-column-gap-default\">\n\t\t\t\t\t<div class=\"elementor-column elementor-col-100 elementor-top-column elementor-element elementor-element-5eb4a3d\" data-id=\"5eb4a3d\" data-element_type=\"column\" data-e-type=\"column\">\n\t\t\t<div class=\"elementor-widget-wrap elementor-element-populated\">\n\t\t\t\t\t\t<section class=\"elementor-section elementor-inner-section elementor-element elementor-element-ea18cec elementor-section-boxed elementor-section-height-default elementor-section-height-default\" data-id=\"ea18cec\" data-element_type=\"section\" data-e-type=\"section\">\n\t\t\t\t\t\t<div class=\"elementor-container elementor-column-gap-default\">\n\t\t\t\t\t<div class=\"elementor-column elementor-col-50 elementor-inner-column elementor-element elementor-element-e3a883b\" data-id=\"e3a883b\" data-element_type=\"column\" data-e-type=\"column\">\n\t\t\t<div class=\"elementor-widget-wrap elementor-element-populated\">\n\t\t\t\t\t\t<div class=\"elementor-element elementor-element-af42e32 elementor-widget elementor-widget-text-editor\" data-id=\"af42e32\" data-element_type=\"widget\" data-e-type=\"widget\" data-widget_type=\"text-editor.default\">\n\t\t\t\t<div class=\"elementor-widget-container\">\n\t\t\t\t\t\t\t\t\t<h3>PIZZERIA&#8217;S<\/h3><ul><li><a href=\"https:\/\/www.basils.org\/\" target=\"_blank\" rel=\"noopener\">Basils pizzeria <\/a>(Brussel\/mozzarella, pepersalami)<\/li><li><a href=\"https:\/\/giuliatrattoria.be\/en\" target=\"_blank\" rel=\"noopener\">Giulia Trattoria<\/a>(Brussel\/mozzarella, chorizo)<\/li><li><a href=\"https:\/\/pizzeriabiga.be\/\" target=\"_blank\" rel=\"noopener\">Biga pizzeria<\/a>(Schaarbeek\/mozzarella, Italiaanse worst)<\/li><li><a href=\"https:\/\/pizzeriabiga.be\/\" target=\"_blank\" rel=\"noopener\">Ciaooo pizzeria<\/a>(Schaarbeek\/mozzarella)<\/li><\/ul>\t\t\t\t\t\t\t\t<\/div>\n\t\t\t\t<\/div>\n\t\t\t\t\t<\/div>\n\t\t<\/div>\n\t\t\t\t<div class=\"elementor-column elementor-col-50 elementor-inner-column elementor-element elementor-element-61240e7\" data-id=\"61240e7\" data-element_type=\"column\" data-e-type=\"column\">\n\t\t\t<div class=\"elementor-widget-wrap elementor-element-populated\">\n\t\t\t\t\t\t<div class=\"elementor-element elementor-element-ca8d2ef elementor-widget elementor-widget-text-editor\" data-id=\"ca8d2ef\" data-element_type=\"widget\" data-e-type=\"widget\" data-widget_type=\"text-editor.default\">\n\t\t\t\t<div class=\"elementor-widget-container\">\n\t\t\t\t\t\t\t\t\t<h3>CAF\u00c9S &amp; EETGELEGENHEDEN<\/h3>\n<ul>\n \t<li><a href=\"https:\/\/www.instagram.com\/veganchouke\/?hl=en\" target=\"_blank\" rel=\"noopener\">Vegan Chouke<\/a>(Brussels\/quesadillas, americain, no-goat cheez, bolognese sauce)<\/li>\n \t<li><a href=\"https:\/\/www.dogoodcafe.org\/\" target=\"_blank\" rel=\"noopener\">Dogood caf\u00e9<\/a> (Brussel)<\/li>\n \t<li><a href=\"https:\/\/www.instagram.com\/luciferlivescoffee\/\" target=\"_blank\" rel=\"noopener\">Lucifer Lives<\/a>(Brussel\/vegan spek)<\/li>\n \t<li><a href=\"https:\/\/yucalatina.be\/en\" target=\"_blank\" rel=\"noopener\">Yuca Latina<\/a>(Brussel\/vegan chickn)<\/li>\n \t<li>Caf\u00e9 National x G\u00e2t\u00e9es (Brussel\/vegan spek)<\/li>\n \t<li><a href=\"https:\/\/drink.brewdog.com\/fr\/brewdog-brussels\" target=\"_blank\" rel=\"noopener\">Brewdog<\/a>(Brussel\/vegan spek)<\/li>\n \t<li><a href=\"https:\/\/succulente.be\/\" target=\"_blank\" rel=\"noopener\">Succulente<\/a>(Anderlecht\/Italiaanse worst, hotdogs)<\/li>\n<li>Les Planches (Schaerbeek \/ burgers)<\/li>\n \t<li><a href=\"https:\/\/www.knolkool.com\/\" target=\"_blank\" rel=\"noopener\">Knol&amp;Kool<\/a> (Gentse\/vegan gyros)<\/li>\n<\/ul>\t\t\t\t\t\t\t\t<\/div>\n\t\t\t\t<\/div>\n\t\t\t\t\t<\/div>\n\t\t<\/div>\n\t\t\t\t\t<\/div>\n\t\t<\/section>\n\t\t\t\t\t<\/div>\n\t\t<\/div>\n\t\t\t\t\t<\/div>\n\t\t<\/section>\n\t\t\t\t<\/div>\n\t\t","protected":false},"excerpt":{"rendered":"<p>We werken samen met supermarkten, speciaalzaken en horecapartners die geloven in goede smaak en duurzaamheid. Hier kun je onze producten kopen of ervan genieten tijdens een maaltijd. SUPERMARKTEN &amp; WINKELS Op zoek naar Vegan Butcher producten bij jou in de buurt? Hieronder vind je een kaart van Belgi\u00eb met de supermarkten die onze producten verkopen. [&hellip;]<\/p>\n","protected":false},"author":1,"featured_media":24790,"parent":0,"menu_order":0,"comment_status":"closed","ping_status":"closed","template":"","meta":{"inline_featured_image":false,"site-sidebar-layout":"no-sidebar","site-content-layout":"page-builder","ast-site-content-layout":"full-width-container","site-content-style":"unboxed","site-sidebar-style":"unboxed","ast-global-header-display":"","ast-banner-title-visibility":"","ast-main-header-display":"","ast-hfb-above-header-display":"","ast-hfb-below-header-display":"","ast-hfb-mobile-header-display":"","site-post-title":"disabled","ast-breadcrumbs-content":"","ast-featured-img":"disabled","footer-sml-layout":"","ast-disable-related-posts":"","theme-transparent-header-meta":"enabled","adv-header-id-meta":"","stick-header-meta":"default","header-above-stick-meta":"","header-main-stick-meta":"","header-below-stick-meta":"","astra-migrate-meta-layouts":"default","ast-page-background-enabled":"default","ast-page-background-meta":{"desktop":{"background-color":"","background-image":"","background-repeat":"repeat","background-position":"center center","background-size":"auto","background-attachment":"scroll","background-type":"","background-media":"","overlay-type":"","overlay-color":"","overlay-opacity":"","overlay-gradient":""},"tablet":{"background-color":"","background-image":"","background-repeat":"repeat","background-position":"center center","background-size":"auto","background-attachment":"scroll","background-type":"","background-media":"","overlay-type":"","overlay-color":"","overlay-opacity":"","overlay-gradient":""},"mobile":{"background-color":"","background-image":"","background-repeat":"repeat","background-position":"center center","background-size":"auto","background-attachment":"scroll","background-type":"","background-media":"","overlay-type":"","overlay-color":"","overlay-opacity":"","overlay-gradient":""}},"ast-content-background-meta":{"desktop":{"background-color":"var(--ast-global-color-5)","background-image":"","background-repeat":"repeat","background-position":"center center","background-size":"auto","background-attachment":"scroll","background-type":"","background-media":"","overlay-type":"","overlay-color":"","overlay-opacity":"","overlay-gradient":""},"tablet":{"background-color":"var(--ast-global-color-5)","background-image":"","background-repeat":"repeat","background-position":"center center","background-size":"auto","background-attachment":"scroll","background-type":"","background-media":"","overlay-type":"","overlay-color":"","overlay-opacity":"","overlay-gradient":""},"mobile":{"background-color":"var(--ast-global-color-5)","background-image":"","background-repeat":"repeat","background-position":"center center","background-size":"auto","background-attachment":"scroll","background-type":"","background-media":"","overlay-type":"","overlay-color":"","overlay-opacity":"","overlay-gradient":""}},"footnotes":""},"class_list":["post-24931","page","type-page","status-publish","has-post-thumbnail","hentry"],"_links":{"self":[{"href":"https:\/\/veganbutcher.be\/nl\/wp-json\/wp\/v2\/pages\/24931","targetHints":{"allow":["GET"]}}],"collection":[{"href":"https:\/\/veganbutcher.be\/nl\/wp-json\/wp\/v2\/pages"}],"about":[{"href":"https:\/\/veganbutcher.be\/nl\/wp-json\/wp\/v2\/types\/page"}],"author":[{"embeddable":true,"href":"https:\/\/veganbutcher.be\/nl\/wp-json\/wp\/v2\/users\/1"}],"replies":[{"embeddable":true,"href":"https:\/\/veganbutcher.be\/nl\/wp-json\/wp\/v2\/comments?post=24931"}],"version-history":[{"count":10,"href":"https:\/\/veganbutcher.be\/nl\/wp-json\/wp\/v2\/pages\/24931\/revisions"}],"predecessor-version":[{"id":25517,"href":"https:\/\/veganbutcher.be\/nl\/wp-json\/wp\/v2\/pages\/24931\/revisions\/25517"}],"wp:featuredmedia":[{"embeddable":true,"href":"https:\/\/veganbutcher.be\/nl\/wp-json\/wp\/v2\/media\/24790"}],"wp:attachment":[{"href":"https:\/\/veganbutcher.be\/nl\/wp-json\/wp\/v2\/media?parent=24931"}],"curies":[{"name":"wp","href":"https:\/\/api.w.org\/{rel}","templated":true}]}}