{"id":18106,"date":"2022-06-28T18:29:58","date_gmt":"2022-06-28T16:29:58","guid":{"rendered":"https:\/\/veganbutcher.be\/over-ons\/"},"modified":"2026-03-27T17:14:10","modified_gmt":"2026-03-27T16:14:10","slug":"over-ons","status":"publish","type":"page","link":"https:\/\/veganbutcher.be\/nl\/over-ons\/","title":{"rendered":"Over de Vegan Butcher"},"content":{"rendered":"\t\t<div data-elementor-type=\"wp-page\" data-elementor-id=\"18106\" class=\"elementor elementor-18106 elementor-17566\" data-elementor-post-type=\"page\">\n\t\t\t\t\t\t<section class=\"elementor-section elementor-top-section elementor-element elementor-element-b04f441 elementor-section-full_width elementor-section-height-min-height elementor-section-height-default elementor-section-items-middle\" data-id=\"b04f441\" data-element_type=\"section\" data-e-type=\"section\" data-settings=\"{&quot;background_background&quot;:&quot;classic&quot;}\">\n\t\t\t\t\t\t\t<div class=\"elementor-background-overlay\"><\/div>\n\t\t\t\t\t\t\t<div class=\"elementor-container elementor-column-gap-default\">\n\t\t\t\t\t<div class=\"elementor-column elementor-col-100 elementor-top-column elementor-element elementor-element-6316077\" data-id=\"6316077\" data-element_type=\"column\" data-e-type=\"column\">\n\t\t\t<div class=\"elementor-widget-wrap elementor-element-populated\">\n\t\t\t\t\t\t\t<\/div>\n\t\t<\/div>\n\t\t\t\t\t<\/div>\n\t\t<\/section>\n\t\t\t\t<section class=\"elementor-section elementor-top-section elementor-element elementor-element-512c028 elementor-section-boxed elementor-section-height-default elementor-section-height-default\" data-id=\"512c028\" data-element_type=\"section\" data-e-type=\"section\">\n\t\t\t\t\t\t<div class=\"elementor-container elementor-column-gap-default\">\n\t\t\t\t\t<div class=\"elementor-column elementor-col-100 elementor-top-column elementor-element elementor-element-e246a74\" data-id=\"e246a74\" data-element_type=\"column\" data-e-type=\"column\">\n\t\t\t<div class=\"elementor-widget-wrap elementor-element-populated\">\n\t\t\t\t\t\t<div class=\"elementor-element elementor-element-94a55fb elementor-widget elementor-widget-text-editor\" data-id=\"94a55fb\" data-element_type=\"widget\" data-e-type=\"widget\" data-widget_type=\"text-editor.default\">\n\t\t\t\t<div class=\"elementor-widget-container\">\n\t\t\t\t\t\t\t\t\t<em>Foto: Tim Vandenbrande<\/em>\t\t\t\t\t\t\t\t<\/div>\n\t\t\t\t<\/div>\n\t\t\t\t\t<\/div>\n\t\t<\/div>\n\t\t\t\t\t<\/div>\n\t\t<\/section>\n\t\t\t\t<section class=\"elementor-section elementor-top-section elementor-element elementor-element-13cfc349 elementor-section-boxed elementor-section-height-default elementor-section-height-default\" data-id=\"13cfc349\" data-element_type=\"section\" data-e-type=\"section\">\n\t\t\t\t\t\t<div class=\"elementor-container elementor-column-gap-default\">\n\t\t\t\t\t<div class=\"elementor-column elementor-col-50 elementor-top-column elementor-element elementor-element-5dfeccde\" data-id=\"5dfeccde\" data-element_type=\"column\" data-e-type=\"column\">\n\t\t\t<div class=\"elementor-widget-wrap elementor-element-populated\">\n\t\t\t\t\t\t<div class=\"elementor-element elementor-element-1337f709 elementor-widget elementor-widget-image\" data-id=\"1337f709\" data-element_type=\"widget\" data-e-type=\"widget\" data-widget_type=\"image.default\">\n\t\t\t\t<div class=\"elementor-widget-container\">\n\t\t\t\t\t\t\t\t\t\t\t\t\t\t\t<img fetchpriority=\"high\" decoding=\"async\" width=\"475\" height=\"482\" src=\"https:\/\/veganbutcher.be\/wp-content\/uploads\/2021\/10\/butchers.jpg\" class=\"attachment-medium_large size-medium_large wp-image-17885\" alt=\"vegan butcher brussels logo with chicken as friend\" srcset=\"https:\/\/veganbutcher.be\/wp-content\/uploads\/2021\/10\/butchers.jpg 475w, https:\/\/veganbutcher.be\/wp-content\/uploads\/2021\/10\/butchers-296x300.jpg 296w\" sizes=\"(max-width: 475px) 100vw, 475px\" \/>\t\t\t\t\t\t\t\t\t\t\t\t\t\t\t<\/div>\n\t\t\t\t<\/div>\n\t\t\t\t\t<\/div>\n\t\t<\/div>\n\t\t\t\t<div class=\"elementor-column elementor-col-50 elementor-top-column elementor-element elementor-element-14e53c80\" data-id=\"14e53c80\" data-element_type=\"column\" data-e-type=\"column\">\n\t\t\t<div class=\"elementor-widget-wrap elementor-element-populated\">\n\t\t\t\t\t\t<div class=\"elementor-element elementor-element-66d06f95 elementor-widget elementor-widget-heading\" data-id=\"66d06f95\" data-element_type=\"widget\" data-e-type=\"widget\" data-widget_type=\"heading.default\">\n\t\t\t\t<div class=\"elementor-widget-container\">\n\t\t\t\t\t<h1 class=\"elementor-heading-title elementor-size-xl\">Wij zijn toegewijd aan en gepassioneerd door vegan eten!<\/h1>\t\t\t\t<\/div>\n\t\t\t\t<\/div>\n\t\t\t\t<div class=\"elementor-element elementor-element-3da7a6a6 elementor-widget-divider--view-line elementor-widget elementor-widget-divider\" data-id=\"3da7a6a6\" data-element_type=\"widget\" data-e-type=\"widget\" data-widget_type=\"divider.default\">\n\t\t\t\t<div class=\"elementor-widget-container\">\n\t\t\t\t\t\t\t<div class=\"elementor-divider\">\n\t\t\t<span class=\"elementor-divider-separator\">\n\t\t\t\t\t\t<\/span>\n\t\t<\/div>\n\t\t\t\t\t\t<\/div>\n\t\t\t\t<\/div>\n\t\t\t\t<div class=\"elementor-element elementor-element-c96f84 elementor-widget elementor-widget-text-editor\" data-id=\"c96f84\" data-element_type=\"widget\" data-e-type=\"widget\" data-widget_type=\"text-editor.default\">\n\t\t\t\t<div class=\"elementor-widget-container\">\n\t\t\t\t\t\t\t\t\t<p>The Vegan Butcher&#8217;s Choice is een ambachtelijk voedingsmerk gespecialiseerd in plantaardige<a href=\"https:\/\/shop.veganbutcher.be\/\" target=\"_blank\" rel=\"noopener\"> vlees- en kaasproducten<\/a>, die ook veel gebruikt worden in ons foodservice aanbod (catering). Ons voedsel is handgemaakt, lokaal gemaakt van hoogwaardige ingredi\u00ebnten en is 100% plantaardig. <\/p><p>Je vindt onze producten online op onze webshop, in onze express shop in Brussel en in onze <a href=\"https:\/\/veganbutcher.be\/services\/\">foodservice (catering)<\/a> voor zowel zakelijke als priv\u00e9-evenementen.<\/p>\t\t\t\t\t\t\t\t<\/div>\n\t\t\t\t<\/div>\n\t\t\t\t\t<\/div>\n\t\t<\/div>\n\t\t\t\t\t<\/div>\n\t\t<\/section>\n\t\t\t\t<section class=\"elementor-section elementor-inner-section elementor-element elementor-element-2088250e elementor-section-boxed elementor-section-height-default elementor-section-height-default\" data-id=\"2088250e\" data-element_type=\"section\" data-e-type=\"section\">\n\t\t\t\t\t\t<div class=\"elementor-container elementor-column-gap-default\">\n\t\t\t\t\t<div class=\"elementor-column elementor-col-50 elementor-inner-column elementor-element elementor-element-53b010e\" data-id=\"53b010e\" data-element_type=\"column\" data-e-type=\"column\">\n\t\t\t<div class=\"elementor-widget-wrap elementor-element-populated\">\n\t\t\t\t\t\t<div class=\"elementor-element elementor-element-24643224 elementor-widget elementor-widget-image\" data-id=\"24643224\" data-element_type=\"widget\" data-e-type=\"widget\" data-widget_type=\"image.default\">\n\t\t\t\t<div class=\"elementor-widget-container\">\n\t\t\t\t\t\t\t\t\t\t\t\t<figure class=\"wp-caption\">\n\t\t\t\t\t\t\t\t\t\t<img decoding=\"async\" src=\"https:\/\/veganbutcher.be\/wp-content\/uploads\/elementor\/thumbs\/vegan-butcher-founders-qr6q09wlo3zkdm4psm301x9bie6xbn7slt6qixdh0w.jpg\" title=\"vegan-butcher-founders\" alt=\"The founders of Vegan Butcher Brussels\" loading=\"lazy\" \/>\t\t\t\t\t\t\t\t\t\t\t<figcaption class=\"widget-image-caption wp-caption-text\">Foto: Sien Verstraete<\/figcaption>\n\t\t\t\t\t\t\t\t\t\t<\/figure>\n\t\t\t\t\t\t\t\t\t<\/div>\n\t\t\t\t<\/div>\n\t\t\t\t<div class=\"elementor-element elementor-element-7fe9a0f1 elementor-widget elementor-widget-image-box\" data-id=\"7fe9a0f1\" data-element_type=\"widget\" data-e-type=\"widget\" data-widget_type=\"image-box.default\">\n\t\t\t\t<div class=\"elementor-widget-container\">\n\t\t\t\t\t<div class=\"elementor-image-box-wrapper\"><div class=\"elementor-image-box-content\"><h2 class=\"elementor-image-box-title\">Wie we zijn<\/h2><p class=\"elementor-image-box-description\"><b>Federica Boddi - Oprichter<\/b><\/br>\nMet een diploma economie heeft Federica haar zinnen gezet op het cre\u00ebren van een succesvol bedrijf.\nFederica verhuisde in 2014 naar Belgi\u00eb en is sindsdien veganist. Na een aantal jaren voor een aantal Europese lobby's te hebben gewerkt, besloot ze de opgedane kennis te gebruiken om haar echte droom te volgen. Federica is klaar om bij te dragen aan een plantaardige wereld door het hart van mensen te veroveren met heerlijke vegan producten!\" <\/br><\/br>\n<b>Benoit Van den Broeck - Oprichter <\/b><\/br>\nBenoit is al 25 jaar vegan en heeft een uitgebreide kennis van plantaardig voedsel. Hij heeft vrijwilligerswerk gedaan en samengewerkt met verschillende dierenorganisaties en heeft verschillende spraakmakende undercoveronderzoeken geleid waarin hij de wreedheid van slachthuizen en bio-industrie in Belgi\u00eb aan het licht bracht. Vandaag de dag is hij op een missie om spannende nieuwe producten op de markt te brengen, met \u00e9\u00e9n groot levensdoel: de vleesindustrie overbodig maken.  <\/br><\/p><\/div><\/div>\t\t\t\t<\/div>\n\t\t\t\t<\/div>\n\t\t\t\t\t<\/div>\n\t\t<\/div>\n\t\t\t\t<div class=\"elementor-column elementor-col-50 elementor-inner-column elementor-element elementor-element-43c5b42c\" data-id=\"43c5b42c\" data-element_type=\"column\" data-e-type=\"column\">\n\t\t\t<div class=\"elementor-widget-wrap elementor-element-populated\">\n\t\t\t\t\t\t<div class=\"elementor-element elementor-element-4287891a elementor-widget elementor-widget-image\" data-id=\"4287891a\" data-element_type=\"widget\" data-e-type=\"widget\" data-widget_type=\"image.default\">\n\t\t\t\t<div class=\"elementor-widget-container\">\n\t\t\t\t\t\t\t\t\t\t\t\t<figure class=\"wp-caption\">\n\t\t\t\t\t\t\t\t\t\t<img decoding=\"async\" src=\"https:\/\/veganbutcher.be\/wp-content\/uploads\/elementor\/thumbs\/vegan-butcher-official-opening-2-qr6pokswmbz3wb4e3k250vitdruhj8s1nwx7iypugg.jpg\" title=\"vegan-butcher-official-opening-2\" alt=\"vegan butcher official opening atelier\" loading=\"lazy\" \/>\t\t\t\t\t\t\t\t\t\t\t<figcaption class=\"widget-image-caption wp-caption-text\">Foto: Tim Vandenbrande<\/figcaption>\n\t\t\t\t\t\t\t\t\t\t<\/figure>\n\t\t\t\t\t\t\t\t\t<\/div>\n\t\t\t\t<\/div>\n\t\t\t\t<div class=\"elementor-element elementor-element-e81a1bc elementor-widget elementor-widget-heading\" data-id=\"e81a1bc\" data-element_type=\"widget\" data-e-type=\"widget\" data-widget_type=\"heading.default\">\n\t\t\t\t<div class=\"elementor-widget-container\">\n\t\t\t\t\t<h2 class=\"elementor-heading-title elementor-size-default\">Werken als vegan butcher<\/h2>\t\t\t\t<\/div>\n\t\t\t\t<\/div>\n\t\t\t\t<div class=\"elementor-element elementor-element-757e336 elementor-widget elementor-widget-text-editor\" data-id=\"757e336\" data-element_type=\"widget\" data-e-type=\"widget\" data-widget_type=\"text-editor.default\">\n\t\t\t\t<div class=\"elementor-widget-container\">\n\t\t\t\t\t\t\t\t\t<ul><li>Ervaring opdoen in een professionele keuken<\/li><li>Leer meer over spannende plantaardige voeding<\/li><li>Werken in een bedrijf met een uniek en betekenisvol concept<\/li><li>Geniet van een grote verscheidenheid aan taken<\/li><\/ul><p>Vereisten: Je woont in Brussel of omgeving en je bent <strong>zeer gemotiveerd en enthousiast<\/strong> om met ons samen te werken.<\/p><p><strong>STUDENTEN WELKOM!<\/strong><\/p><p><b>Stuur ons uw CV<\/b><\/p><p> <\/p><p> <\/p>\t\t\t\t\t\t\t\t<\/div>\n\t\t\t\t<\/div>\n\t\t\t\t\t<\/div>\n\t\t<\/div>\n\t\t\t\t\t<\/div>\n\t\t<\/section>\n\t\t\t\t<section class=\"elementor-section elementor-top-section elementor-element elementor-element-d468e6e elementor-section-full_width elementor-section-height-default elementor-section-height-default\" data-id=\"d468e6e\" data-element_type=\"section\" data-e-type=\"section\">\n\t\t\t\t\t\t<div class=\"elementor-container elementor-column-gap-default\">\n\t\t\t\t\t<div class=\"elementor-column elementor-col-100 elementor-top-column elementor-element elementor-element-3f2d2dc\" data-id=\"3f2d2dc\" data-element_type=\"column\" data-e-type=\"column\">\n\t\t\t<div class=\"elementor-widget-wrap elementor-element-populated\">\n\t\t\t\t\t\t<div class=\"elementor-element elementor-element-2cd534f elementor-widget elementor-widget-html\" data-id=\"2cd534f\" data-element_type=\"widget\" data-e-type=\"widget\" data-widget_type=\"html.default\">\n\t\t\t\t<div class=\"elementor-widget-container\">\n\t\t\t\t\t<div id=\"video-container\">\r\n    <video id=\"hero-video\" class=\"custom-video-bg\" autoplay=\"\" muted=\"\" loop=\"\" playsinline=\"\" preload=\"auto\">\r\n        <source src=\"https:\/\/veganbutcher.be\/wp-content\/uploads\/2025\/02\/The-Vegan-Butchers-Choice.webm\" type=\"video\/webm\">\r\n        <source src=\"https:\/\/veganbutcher.be\/wp-content\/uploads\/2025\/02\/The-Vegan-Butchers-Choice.mp4\" type=\"video\/mp4\">\r\n    <\/source><\/source><\/video><\/div>\t\t\t\t<\/div>\n\t\t\t\t<\/div>\n\t\t\t\t\t<\/div>\n\t\t<\/div>\n\t\t\t\t\t<\/div>\n\t\t<\/section>\n\t\t\t\t<section class=\"elementor-section elementor-top-section elementor-element elementor-element-08bf551 elementor-section-boxed elementor-section-height-default elementor-section-height-default\" data-id=\"08bf551\" data-element_type=\"section\" data-e-type=\"section\">\n\t\t\t\t\t\t<div class=\"elementor-container elementor-column-gap-default\">\n\t\t\t\t\t<div class=\"elementor-column elementor-col-100 elementor-top-column elementor-element elementor-element-d8edcd7\" data-id=\"d8edcd7\" data-element_type=\"column\" data-e-type=\"column\">\n\t\t\t<div class=\"elementor-widget-wrap elementor-element-populated\">\n\t\t\t\t\t\t<div class=\"elementor-element elementor-element-3c7339e elementor-widget elementor-widget-heading\" data-id=\"3c7339e\" data-element_type=\"widget\" data-e-type=\"widget\" data-widget_type=\"heading.default\">\n\t\t\t\t<div class=\"elementor-widget-container\">\n\t\t\t\t\t<h1 class=\"elementor-heading-title elementor-size-default\">Onze kernwaarden in een notendop<\/h1>\t\t\t\t<\/div>\n\t\t\t\t<\/div>\n\t\t\t\t\t<\/div>\n\t\t<\/div>\n\t\t\t\t\t<\/div>\n\t\t<\/section>\n\t\t\t\t<section class=\"elementor-section elementor-top-section elementor-element elementor-element-40d5b08 elementor-section-boxed elementor-section-height-default elementor-section-height-default\" data-id=\"40d5b08\" data-element_type=\"section\" data-e-type=\"section\">\n\t\t\t\t\t\t<div class=\"elementor-container elementor-column-gap-default\">\n\t\t\t\t\t<div class=\"elementor-column elementor-col-100 elementor-top-column elementor-element elementor-element-25dd4d1\" data-id=\"25dd4d1\" data-element_type=\"column\" data-e-type=\"column\">\n\t\t\t<div class=\"elementor-widget-wrap elementor-element-populated\">\n\t\t\t\t\t\t<section class=\"elementor-section elementor-inner-section elementor-element elementor-element-cfce4c7 elementor-section-boxed elementor-section-height-default elementor-section-height-default\" data-id=\"cfce4c7\" data-element_type=\"section\" data-e-type=\"section\">\n\t\t\t\t\t\t<div class=\"elementor-container elementor-column-gap-default\">\n\t\t\t\t\t<div class=\"elementor-column elementor-col-50 elementor-inner-column elementor-element elementor-element-adc7fb6\" data-id=\"adc7fb6\" data-element_type=\"column\" data-e-type=\"column\">\n\t\t\t<div class=\"elementor-widget-wrap elementor-element-populated\">\n\t\t\t\t\t\t<div class=\"elementor-element elementor-element-4afb94a elementor-widget elementor-widget-text-editor\" data-id=\"4afb94a\" data-element_type=\"widget\" data-e-type=\"widget\" data-widget_type=\"text-editor.default\">\n\t\t\t\t<div class=\"elementor-widget-container\">\n\t\t\t\t\t\t\t\t\t<h2>Hoogwaardige en natuurlijke ingredi\u00ebnten<\/h2><p>Een van de belangrijkste redenen waarom handgemaakte vegan producten beter smaken, is de <strong>kwaliteit van de ingredi\u00ebnten<\/strong>. In tegenstelling tot industrieel geproduceerde alternatieven die vaak afhankelijk zijn van conserveringsmiddelen, kunstmatige smaakstoffen en vulstoffen, gebruiken wij voornamelijk <strong>natuurlijke, volwaardige ingredi\u00ebnten<\/strong>. <\/p><p>Dit betekent:<br>&#8211; <strong>Veel voedzame plantaardige eiwitten<\/strong>, zoals seitan, tofu en peulvruchten;<br>&#8211; Verse groenten, kruiden en specerijen voor een verbeterde smaak.<br>Als je handgemaakt eet, proef je <span style=\"text-decoration: underline;\">echt voedsel<\/span>.<br>&#8211; Geen onnodige toevoegingen of chemicali\u00ebn;<\/p>\t\t\t\t\t\t\t\t<\/div>\n\t\t\t\t<\/div>\n\t\t\t\t\t<\/div>\n\t\t<\/div>\n\t\t\t\t<div class=\"elementor-column elementor-col-50 elementor-inner-column elementor-element elementor-element-6b6b148\" data-id=\"6b6b148\" data-element_type=\"column\" data-e-type=\"column\">\n\t\t\t<div class=\"elementor-widget-wrap elementor-element-populated\">\n\t\t\t\t\t\t<div class=\"elementor-element elementor-element-0765bee elementor-widget elementor-widget-text-editor\" data-id=\"0765bee\" data-element_type=\"widget\" data-e-type=\"widget\" data-widget_type=\"text-editor.default\">\n\t\t\t\t<div class=\"elementor-widget-container\">\n\t\t\t\t\t\t\t\t\t<h2>Met zorg en expertise gemaakt<\/h2><p>Handgemaakte producten ondergaan een heel ander proces dan in de fabriek gemaakte producten. Bij The Vegan Butcher&#8217;s Choice nemen we de tijd om:<br>&#8211; <strong>onze recepten te perfectioneren<\/strong>, zodat ze zowel qua smaak als textuur aanslaan;<br>&#8211; <strong>te innoveren met nieuwe smaken en combinaties<\/strong> waar supermarktmerken niet aan kunnen tippen;<br>&#8211; <strong>de traditionele culinaire technieken te behouden<\/strong>, met respect voor de kunst van het voedsel maken, maar aangepast aan plantaardige alternatieven. <\/p><blockquote><p>Wanneer voedsel in kleine hoeveelheden door vaardige handen wordt gemaakt, is elke hap rijk aan smaak en authenticiteit.<\/p><\/blockquote>\t\t\t\t\t\t\t\t<\/div>\n\t\t\t\t<\/div>\n\t\t\t\t\t<\/div>\n\t\t<\/div>\n\t\t\t\t\t<\/div>\n\t\t<\/section>\n\t\t\t\t\t<\/div>\n\t\t<\/div>\n\t\t\t\t\t<\/div>\n\t\t<\/section>\n\t\t\t\t<\/div>\n\t\t","protected":false},"excerpt":{"rendered":"<p>Foto: Tim Vandenbrande Wij zijn toegewijd aan en gepassioneerd door vegan eten! The Vegan Butcher&#8217;s Choice is een ambachtelijk voedingsmerk gespecialiseerd in plantaardige vlees- en kaasproducten, die ook veel gebruikt worden in ons foodservice aanbod (catering). Ons voedsel is handgemaakt, lokaal gemaakt van hoogwaardige ingredi\u00ebnten en is 100% plantaardig. Je vindt onze producten online op [&hellip;]<\/p>\n","protected":false},"author":1,"featured_media":23452,"parent":0,"menu_order":0,"comment_status":"closed","ping_status":"closed","template":"","meta":{"inline_featured_image":false,"site-sidebar-layout":"no-sidebar","site-content-layout":"page-builder","ast-site-content-layout":"full-width-container","site-content-style":"unboxed","site-sidebar-style":"unboxed","ast-global-header-display":"","ast-banner-title-visibility":"","ast-main-header-display":"","ast-hfb-above-header-display":"","ast-hfb-below-header-display":"","ast-hfb-mobile-header-display":"","site-post-title":"disabled","ast-breadcrumbs-content":"","ast-featured-img":"disabled","footer-sml-layout":"","ast-disable-related-posts":"","theme-transparent-header-meta":"default","adv-header-id-meta":"","stick-header-meta":"default","header-above-stick-meta":"","header-main-stick-meta":"","header-below-stick-meta":"","astra-migrate-meta-layouts":"set","ast-page-background-enabled":"default","ast-page-background-meta":{"desktop":{"background-color":"","background-image":"","background-repeat":"repeat","background-position":"center center","background-size":"auto","background-attachment":"scroll","background-type":"","background-media":"","overlay-type":"","overlay-color":"","overlay-opacity":"","overlay-gradient":""},"tablet":{"background-color":"","background-image":"","background-repeat":"repeat","background-position":"center center","background-size":"auto","background-attachment":"scroll","background-type":"","background-media":"","overlay-type":"","overlay-color":"","overlay-opacity":"","overlay-gradient":""},"mobile":{"background-color":"","background-image":"","background-repeat":"repeat","background-position":"center center","background-size":"auto","background-attachment":"scroll","background-type":"","background-media":"","overlay-type":"","overlay-color":"","overlay-opacity":"","overlay-gradient":""}},"ast-content-background-meta":{"desktop":{"background-color":"var(--ast-global-color-5)","background-image":"","background-repeat":"repeat","background-position":"center center","background-size":"auto","background-attachment":"scroll","background-type":"","background-media":"","overlay-type":"","overlay-color":"","overlay-opacity":"","overlay-gradient":""},"tablet":{"background-color":"var(--ast-global-color-5)","background-image":"","background-repeat":"repeat","background-position":"center center","background-size":"auto","background-attachment":"scroll","background-type":"","background-media":"","overlay-type":"","overlay-color":"","overlay-opacity":"","overlay-gradient":""},"mobile":{"background-color":"var(--ast-global-color-5)","background-image":"","background-repeat":"repeat","background-position":"center center","background-size":"auto","background-attachment":"scroll","background-type":"","background-media":"","overlay-type":"","overlay-color":"","overlay-opacity":"","overlay-gradient":""}},"footnotes":""},"class_list":["post-18106","page","type-page","status-publish","has-post-thumbnail","hentry"],"_links":{"self":[{"href":"https:\/\/veganbutcher.be\/nl\/wp-json\/wp\/v2\/pages\/18106","targetHints":{"allow":["GET"]}}],"collection":[{"href":"https:\/\/veganbutcher.be\/nl\/wp-json\/wp\/v2\/pages"}],"about":[{"href":"https:\/\/veganbutcher.be\/nl\/wp-json\/wp\/v2\/types\/page"}],"author":[{"embeddable":true,"href":"https:\/\/veganbutcher.be\/nl\/wp-json\/wp\/v2\/users\/1"}],"replies":[{"embeddable":true,"href":"https:\/\/veganbutcher.be\/nl\/wp-json\/wp\/v2\/comments?post=18106"}],"version-history":[{"count":10,"href":"https:\/\/veganbutcher.be\/nl\/wp-json\/wp\/v2\/pages\/18106\/revisions"}],"predecessor-version":[{"id":25535,"href":"https:\/\/veganbutcher.be\/nl\/wp-json\/wp\/v2\/pages\/18106\/revisions\/25535"}],"wp:featuredmedia":[{"embeddable":true,"href":"https:\/\/veganbutcher.be\/nl\/wp-json\/wp\/v2\/media\/23452"}],"wp:attachment":[{"href":"https:\/\/veganbutcher.be\/nl\/wp-json\/wp\/v2\/media?parent=18106"}],"curies":[{"name":"wp","href":"https:\/\/api.w.org\/{rel}","templated":true}]}}