{"id":18099,"date":"2022-06-28T18:29:57","date_gmt":"2022-06-28T16:29:57","guid":{"rendered":"https:\/\/veganbutcher.be\/a-propos-de-nous\/"},"modified":"2026-03-27T17:14:09","modified_gmt":"2026-03-27T16:14:09","slug":"a-propos-de-nous","status":"publish","type":"page","link":"https:\/\/veganbutcher.be\/fr\/a-propos-de-nous\/","title":{"rendered":"The Vegan Butcher \u00e0 Bruxelles"},"content":{"rendered":"\t\t<div data-elementor-type=\"wp-page\" data-elementor-id=\"18099\" class=\"elementor elementor-18099 elementor-17566\" data-elementor-post-type=\"page\">\n\t\t\t\t\t\t<section class=\"elementor-section elementor-top-section elementor-element elementor-element-b04f441 elementor-section-full_width elementor-section-height-min-height elementor-section-height-default elementor-section-items-middle\" data-id=\"b04f441\" data-element_type=\"section\" data-e-type=\"section\" data-settings=\"{&quot;background_background&quot;:&quot;classic&quot;}\">\n\t\t\t\t\t\t\t<div class=\"elementor-background-overlay\"><\/div>\n\t\t\t\t\t\t\t<div class=\"elementor-container elementor-column-gap-default\">\n\t\t\t\t\t<div class=\"elementor-column elementor-col-100 elementor-top-column elementor-element elementor-element-6316077\" data-id=\"6316077\" data-element_type=\"column\" data-e-type=\"column\">\n\t\t\t<div class=\"elementor-widget-wrap elementor-element-populated\">\n\t\t\t\t\t\t\t<\/div>\n\t\t<\/div>\n\t\t\t\t\t<\/div>\n\t\t<\/section>\n\t\t\t\t<section class=\"elementor-section elementor-top-section elementor-element elementor-element-512c028 elementor-section-boxed elementor-section-height-default elementor-section-height-default\" data-id=\"512c028\" data-element_type=\"section\" data-e-type=\"section\">\n\t\t\t\t\t\t<div class=\"elementor-container elementor-column-gap-default\">\n\t\t\t\t\t<div class=\"elementor-column elementor-col-100 elementor-top-column elementor-element elementor-element-e246a74\" data-id=\"e246a74\" data-element_type=\"column\" data-e-type=\"column\">\n\t\t\t<div class=\"elementor-widget-wrap elementor-element-populated\">\n\t\t\t\t\t\t<div class=\"elementor-element elementor-element-94a55fb elementor-widget elementor-widget-text-editor\" data-id=\"94a55fb\" data-element_type=\"widget\" data-e-type=\"widget\" data-widget_type=\"text-editor.default\">\n\t\t\t\t<div class=\"elementor-widget-container\">\n\t\t\t\t\t\t\t\t\t<em>Photo : Tim Vandenbrande<\/em>\t\t\t\t\t\t\t\t<\/div>\n\t\t\t\t<\/div>\n\t\t\t\t\t<\/div>\n\t\t<\/div>\n\t\t\t\t\t<\/div>\n\t\t<\/section>\n\t\t\t\t<section class=\"elementor-section elementor-top-section elementor-element elementor-element-13cfc349 elementor-section-boxed elementor-section-height-default elementor-section-height-default\" data-id=\"13cfc349\" data-element_type=\"section\" data-e-type=\"section\">\n\t\t\t\t\t\t<div class=\"elementor-container elementor-column-gap-default\">\n\t\t\t\t\t<div class=\"elementor-column elementor-col-50 elementor-top-column elementor-element elementor-element-5dfeccde\" data-id=\"5dfeccde\" data-element_type=\"column\" data-e-type=\"column\">\n\t\t\t<div class=\"elementor-widget-wrap elementor-element-populated\">\n\t\t\t\t\t\t<div class=\"elementor-element elementor-element-1337f709 elementor-widget elementor-widget-image\" data-id=\"1337f709\" data-element_type=\"widget\" data-e-type=\"widget\" data-widget_type=\"image.default\">\n\t\t\t\t<div class=\"elementor-widget-container\">\n\t\t\t\t\t\t\t\t\t\t\t\t\t\t\t<img fetchpriority=\"high\" decoding=\"async\" width=\"475\" height=\"482\" src=\"https:\/\/veganbutcher.be\/wp-content\/uploads\/2021\/10\/butchers.jpg\" class=\"attachment-medium_large size-medium_large wp-image-17895\" alt=\"boucherie v\u00e9g\u00e9talienne logo bruxelles avec poulet comme ami\" srcset=\"https:\/\/veganbutcher.be\/wp-content\/uploads\/2021\/10\/butchers.jpg 475w, https:\/\/veganbutcher.be\/wp-content\/uploads\/2021\/10\/butchers-296x300.jpg 296w\" sizes=\"(max-width: 475px) 100vw, 475px\" \/>\t\t\t\t\t\t\t\t\t\t\t\t\t\t\t<\/div>\n\t\t\t\t<\/div>\n\t\t\t\t\t<\/div>\n\t\t<\/div>\n\t\t\t\t<div class=\"elementor-column elementor-col-50 elementor-top-column elementor-element elementor-element-14e53c80\" data-id=\"14e53c80\" data-element_type=\"column\" data-e-type=\"column\">\n\t\t\t<div class=\"elementor-widget-wrap elementor-element-populated\">\n\t\t\t\t\t\t<div class=\"elementor-element elementor-element-66d06f95 elementor-widget elementor-widget-heading\" data-id=\"66d06f95\" data-element_type=\"widget\" data-e-type=\"widget\" data-widget_type=\"heading.default\">\n\t\t\t\t<div class=\"elementor-widget-container\">\n\t\t\t\t\t<h1 class=\"elementor-heading-title elementor-size-xl\">Des personnes passionn\u00e9es par l'alimentation v\u00e9g\u00e9talienne.<\/h1>\t\t\t\t<\/div>\n\t\t\t\t<\/div>\n\t\t\t\t<div class=\"elementor-element elementor-element-3da7a6a6 elementor-widget-divider--view-line elementor-widget elementor-widget-divider\" data-id=\"3da7a6a6\" data-element_type=\"widget\" data-e-type=\"widget\" data-widget_type=\"divider.default\">\n\t\t\t\t<div class=\"elementor-widget-container\">\n\t\t\t\t\t\t\t<div class=\"elementor-divider\">\n\t\t\t<span class=\"elementor-divider-separator\">\n\t\t\t\t\t\t<\/span>\n\t\t<\/div>\n\t\t\t\t\t\t<\/div>\n\t\t\t\t<\/div>\n\t\t\t\t<div class=\"elementor-element elementor-element-c96f84 elementor-widget elementor-widget-text-editor\" data-id=\"c96f84\" data-element_type=\"widget\" data-e-type=\"widget\" data-widget_type=\"text-editor.default\">\n\t\t\t\t<div class=\"elementor-widget-container\">\n\t\t\t\t\t\t\t\t\t<p>The Vegan Butcher&rsquo;s Choice est une marque d&rsquo;alimentation artisanale sp\u00e9cialis\u00e9e dans les <a href=\"https:\/\/shop.veganbutcher.be\/\" target=\"_blank\" rel=\"noopener\">produits de viande et de fromage v\u00e9g\u00e9taliens<\/a>, qui sont \u00e9galement largement utilis\u00e9s dans notre offre de restauration (catering). Nos produits sont fabriqu\u00e9s \u00e0 la main, localement \u00e0 partir d&rsquo;ingr\u00e9dients de haute qualit\u00e9 et sont 100% d&rsquo;origine v\u00e9g\u00e9tale. <\/p><p>Vous pouvez trouver nos produits en ligne sur notre boutique en ligne, dans notre magasin express de Bruxelles et dans notre <a href=\"https:\/\/veganbutcher.be\/services\/\">service de restauration (catering)<\/a> pour les \u00e9v\u00e9nements professionnels et priv\u00e9s.<\/p>\t\t\t\t\t\t\t\t<\/div>\n\t\t\t\t<\/div>\n\t\t\t\t\t<\/div>\n\t\t<\/div>\n\t\t\t\t\t<\/div>\n\t\t<\/section>\n\t\t\t\t<section class=\"elementor-section elementor-inner-section elementor-element elementor-element-2088250e elementor-section-boxed elementor-section-height-default elementor-section-height-default\" data-id=\"2088250e\" data-element_type=\"section\" data-e-type=\"section\">\n\t\t\t\t\t\t<div class=\"elementor-container elementor-column-gap-default\">\n\t\t\t\t\t<div class=\"elementor-column elementor-col-50 elementor-inner-column elementor-element elementor-element-53b010e\" data-id=\"53b010e\" data-element_type=\"column\" data-e-type=\"column\">\n\t\t\t<div class=\"elementor-widget-wrap elementor-element-populated\">\n\t\t\t\t\t\t<div class=\"elementor-element elementor-element-24643224 elementor-widget elementor-widget-image\" data-id=\"24643224\" data-element_type=\"widget\" data-e-type=\"widget\" data-widget_type=\"image.default\">\n\t\t\t\t<div class=\"elementor-widget-container\">\n\t\t\t\t\t\t\t\t\t\t\t\t<figure class=\"wp-caption\">\n\t\t\t\t\t\t\t\t\t\t<img decoding=\"async\" src=\"https:\/\/veganbutcher.be\/wp-content\/uploads\/elementor\/thumbs\/vegan-butcher-founders-qr6q09wlo3zkdm4psm301x9bie6xbn7slt6qixdh0w.jpg\" title=\"bouchers-fondateurs v\u00e9g\u00e9taliens\" alt=\"Les fondateurs de Vegan Butcher Brussels\" loading=\"lazy\" \/>\t\t\t\t\t\t\t\t\t\t\t<figcaption class=\"widget-image-caption wp-caption-text\">Foto : Sien Verstraete<\/figcaption>\n\t\t\t\t\t\t\t\t\t\t<\/figure>\n\t\t\t\t\t\t\t\t\t<\/div>\n\t\t\t\t<\/div>\n\t\t\t\t<div class=\"elementor-element elementor-element-7fe9a0f1 elementor-widget elementor-widget-image-box\" data-id=\"7fe9a0f1\" data-element_type=\"widget\" data-e-type=\"widget\" data-widget_type=\"image-box.default\">\n\t\t\t\t<div class=\"elementor-widget-container\">\n\t\t\t\t\t<div class=\"elementor-image-box-wrapper\"><div class=\"elementor-image-box-content\"><h2 class=\"elementor-image-box-title\">Qui sommes-nous ?<\/h2><p class=\"elementor-image-box-description\"><b>Federica Boddi - Fondatrice<\/b><\/br>\nDipl\u00f4m\u00e9e en \u00e9conomie, Federica est d\u00e9termin\u00e9e \u00e0 cr\u00e9er une entreprise prosp\u00e8re.\nFederica s'est install\u00e9e en Belgique en 2014 et est v\u00e9g\u00e9talienne depuis lors. Apr\u00e8s avoir travaill\u00e9 plusieurs ann\u00e9es pour un certain nombre de lobbies europ\u00e9ens, elle a d\u00e9cid\u00e9 de capitaliser sur les connaissances qu'elle a acquises pour poursuivre son v\u00e9ritable r\u00eave. Federica est pr\u00eate \u00e0 contribuer \u00e0 un monde v\u00e9g\u00e9talien en gagnant le c\u0153ur des gens avec de d\u00e9licieux produits v\u00e9g\u00e9taliens !\"  <\/br><\/br>\n<b>Benoit Van den Broeck - Fondateur <\/b><\/br>\nVegan depuis 25 ans, Benoit a une connaissance approfondie de l'alimentation \u00e0 base de plantes. Il a travaill\u00e9 b\u00e9n\u00e9volement avec diverses organisations de d\u00e9fense des animaux et a men\u00e9 plusieurs enqu\u00eates sous couverture tr\u00e8s m\u00e9diatis\u00e9es pour d\u00e9noncer la cruaut\u00e9 des abattoirs et de l'\u00e9levage industriel en Belgique. Aujourd'hui, il s'est donn\u00e9 pour mission de mettre sur le march\u00e9 de nouveaux produits passionnants, avec un objectif majeur : rendre l'industrie de la viande obsol\u00e8te.  <\/br><\/p><\/div><\/div>\t\t\t\t<\/div>\n\t\t\t\t<\/div>\n\t\t\t\t\t<\/div>\n\t\t<\/div>\n\t\t\t\t<div class=\"elementor-column elementor-col-50 elementor-inner-column elementor-element elementor-element-43c5b42c\" data-id=\"43c5b42c\" data-element_type=\"column\" data-e-type=\"column\">\n\t\t\t<div class=\"elementor-widget-wrap elementor-element-populated\">\n\t\t\t\t\t\t<div class=\"elementor-element elementor-element-4287891a elementor-widget elementor-widget-image\" data-id=\"4287891a\" data-element_type=\"widget\" data-e-type=\"widget\" data-widget_type=\"image.default\">\n\t\t\t\t<div class=\"elementor-widget-container\">\n\t\t\t\t\t\t\t\t\t\t\t\t<figure class=\"wp-caption\">\n\t\t\t\t\t\t\t\t\t\t<img decoding=\"async\" src=\"https:\/\/veganbutcher.be\/wp-content\/uploads\/elementor\/thumbs\/vegan-butcher-official-opening-2-qr6pokswmbz3wb4e3k250vitdruhj8s1nwx7iypugg.jpg\" title=\"boucherie-v\u00e9g\u00e9talienne-ouverture-officielle-2\" alt=\"boucherie v\u00e9g\u00e9talienne ouverture officielle de l&#039;atelier\" loading=\"lazy\" \/>\t\t\t\t\t\t\t\t\t\t\t<figcaption class=\"widget-image-caption wp-caption-text\">Foto : Tim Vandenbrande<\/figcaption>\n\t\t\t\t\t\t\t\t\t\t<\/figure>\n\t\t\t\t\t\t\t\t\t<\/div>\n\t\t\t\t<\/div>\n\t\t\t\t<div class=\"elementor-element elementor-element-e81a1bc elementor-widget elementor-widget-heading\" data-id=\"e81a1bc\" data-element_type=\"widget\" data-e-type=\"widget\" data-widget_type=\"heading.default\">\n\t\t\t\t<div class=\"elementor-widget-container\">\n\t\t\t\t\t<h2 class=\"elementor-heading-title elementor-size-default\">Travailler comme 'boucher v\u00e9g\u00e9talien'<\/h2>\t\t\t\t<\/div>\n\t\t\t\t<\/div>\n\t\t\t\t<div class=\"elementor-element elementor-element-757e336 elementor-widget elementor-widget-text-editor\" data-id=\"757e336\" data-element_type=\"widget\" data-e-type=\"widget\" data-widget_type=\"text-editor.default\">\n\t\t\t\t<div class=\"elementor-widget-container\">\n\t\t\t\t\t\t\t\t\t<ul><li>Acqu\u00e9rir de l&rsquo;exp\u00e9rience dans une cuisine professionnelle<\/li><li>D\u00e9couvrez des aliments passionnants \u00e0 base de plantes<\/li><li>Travailler dans une entreprise avec un concept unique et significatif<\/li><li>Appr\u00e9cier une grande vari\u00e9t\u00e9 de t\u00e2ches<\/li><\/ul><p>Exigences : Vous habitez \u00e0 Bruxelles ou dans les environs et vous \u00eates <strong>tr\u00e8s motiv\u00e9 et enthousiaste<\/strong> \u00e0 l&rsquo;id\u00e9e de travailler avec nous.<\/p><p><strong>LES \u00c9TUDIANTS SONT LES BIENVENUS !<\/strong><\/p><p><b>Envoyez-nous votre CV<\/b><\/p><p> <\/p><p> <\/p>\t\t\t\t\t\t\t\t<\/div>\n\t\t\t\t<\/div>\n\t\t\t\t\t<\/div>\n\t\t<\/div>\n\t\t\t\t\t<\/div>\n\t\t<\/section>\n\t\t\t\t<section class=\"elementor-section elementor-top-section elementor-element elementor-element-d468e6e elementor-section-full_width elementor-section-height-default elementor-section-height-default\" data-id=\"d468e6e\" data-element_type=\"section\" data-e-type=\"section\">\n\t\t\t\t\t\t<div class=\"elementor-container elementor-column-gap-default\">\n\t\t\t\t\t<div class=\"elementor-column elementor-col-100 elementor-top-column elementor-element elementor-element-3f2d2dc\" data-id=\"3f2d2dc\" data-element_type=\"column\" data-e-type=\"column\">\n\t\t\t<div class=\"elementor-widget-wrap elementor-element-populated\">\n\t\t\t\t\t\t<div class=\"elementor-element elementor-element-2cd534f elementor-widget elementor-widget-html\" data-id=\"2cd534f\" data-element_type=\"widget\" data-e-type=\"widget\" data-widget_type=\"html.default\">\n\t\t\t\t<div class=\"elementor-widget-container\">\n\t\t\t\t\t<div id=\"video-container\">\r\n    <video id=\"hero-video\" class=\"custom-video-bg\" autoplay=\"\" muted=\"\" loop=\"\" playsinline=\"\" preload=\"auto\">\r\n        <source src=\"https:\/\/veganbutcher.be\/wp-content\/uploads\/2025\/02\/The-Vegan-Butchers-Choice.webm\" type=\"video\/webm\">\r\n        <source src=\"https:\/\/veganbutcher.be\/wp-content\/uploads\/2025\/02\/The-Vegan-Butchers-Choice.mp4\" type=\"video\/mp4\">\r\n    <\/source><\/source><\/video><\/div>\t\t\t\t<\/div>\n\t\t\t\t<\/div>\n\t\t\t\t\t<\/div>\n\t\t<\/div>\n\t\t\t\t\t<\/div>\n\t\t<\/section>\n\t\t\t\t<section class=\"elementor-section elementor-top-section elementor-element elementor-element-08bf551 elementor-section-boxed elementor-section-height-default elementor-section-height-default\" data-id=\"08bf551\" data-element_type=\"section\" data-e-type=\"section\">\n\t\t\t\t\t\t<div class=\"elementor-container elementor-column-gap-default\">\n\t\t\t\t\t<div class=\"elementor-column elementor-col-100 elementor-top-column elementor-element elementor-element-d8edcd7\" data-id=\"d8edcd7\" data-element_type=\"column\" data-e-type=\"column\">\n\t\t\t<div class=\"elementor-widget-wrap elementor-element-populated\">\n\t\t\t\t\t\t<div class=\"elementor-element elementor-element-3c7339e elementor-widget elementor-widget-heading\" data-id=\"3c7339e\" data-element_type=\"widget\" data-e-type=\"widget\" data-widget_type=\"heading.default\">\n\t\t\t\t<div class=\"elementor-widget-container\">\n\t\t\t\t\t<h1 class=\"elementor-heading-title elementor-size-default\">Nos valeurs fondamentales, en quelques mots<\/h1>\t\t\t\t<\/div>\n\t\t\t\t<\/div>\n\t\t\t\t\t<\/div>\n\t\t<\/div>\n\t\t\t\t\t<\/div>\n\t\t<\/section>\n\t\t\t\t<section class=\"elementor-section elementor-top-section elementor-element elementor-element-40d5b08 elementor-section-boxed elementor-section-height-default elementor-section-height-default\" data-id=\"40d5b08\" data-element_type=\"section\" data-e-type=\"section\">\n\t\t\t\t\t\t<div class=\"elementor-container elementor-column-gap-default\">\n\t\t\t\t\t<div class=\"elementor-column elementor-col-100 elementor-top-column elementor-element elementor-element-25dd4d1\" data-id=\"25dd4d1\" data-element_type=\"column\" data-e-type=\"column\">\n\t\t\t<div class=\"elementor-widget-wrap elementor-element-populated\">\n\t\t\t\t\t\t<section class=\"elementor-section elementor-inner-section elementor-element elementor-element-cfce4c7 elementor-section-boxed elementor-section-height-default elementor-section-height-default\" data-id=\"cfce4c7\" data-element_type=\"section\" data-e-type=\"section\">\n\t\t\t\t\t\t<div class=\"elementor-container elementor-column-gap-default\">\n\t\t\t\t\t<div class=\"elementor-column elementor-col-50 elementor-inner-column elementor-element elementor-element-adc7fb6\" data-id=\"adc7fb6\" data-element_type=\"column\" data-e-type=\"column\">\n\t\t\t<div class=\"elementor-widget-wrap elementor-element-populated\">\n\t\t\t\t\t\t<div class=\"elementor-element elementor-element-4afb94a elementor-widget elementor-widget-text-editor\" data-id=\"4afb94a\" data-element_type=\"widget\" data-e-type=\"widget\" data-widget_type=\"text-editor.default\">\n\t\t\t\t<div class=\"elementor-widget-container\">\n\t\t\t\t\t\t\t\t\t<h2>Ingr\u00e9dients naturels de haute qualit\u00e9<\/h2><p>L&rsquo;une des principales raisons pour lesquelles les produits v\u00e9g\u00e9taliens faits \u00e0 la main ont meilleur go\u00fbt est la <strong>qualit\u00e9 des ingr\u00e9dients<\/strong>. Contrairement aux produits industriels qui utilisent souvent des conservateurs, des ar\u00f4mes artificiels et des agents de remplissage, nous utilisons principalement des <strong>ingr\u00e9dients naturels et issus de l&rsquo;agriculture biologique<\/strong>. <\/p><p>Cela signifie :<br>&#8211; <strong>Des prot\u00e9ines v\u00e9g\u00e9tales riches en nutriments<\/strong>, telles que le seitan, le tofu et les l\u00e9gumineuses ;<br>&#8211; Des l\u00e9gumes, des herbes et des \u00e9pices d&rsquo;origine fra\u00eeche pour un meilleur go\u00fbt.<br>Lorsque vous mangez des produits faits \u00e0 la main, vous d\u00e9gustez de <span style=\"text-decoration: underline;\">vrais aliments<\/span>.<br>&#8211; Pas d&rsquo;additifs ou de produits chimiques superflus ;<\/p>\t\t\t\t\t\t\t\t<\/div>\n\t\t\t\t<\/div>\n\t\t\t\t\t<\/div>\n\t\t<\/div>\n\t\t\t\t<div class=\"elementor-column elementor-col-50 elementor-inner-column elementor-element elementor-element-6b6b148\" data-id=\"6b6b148\" data-element_type=\"column\" data-e-type=\"column\">\n\t\t\t<div class=\"elementor-widget-wrap elementor-element-populated\">\n\t\t\t\t\t\t<div class=\"elementor-element elementor-element-0765bee elementor-widget elementor-widget-text-editor\" data-id=\"0765bee\" data-element_type=\"widget\" data-e-type=\"widget\" data-widget_type=\"text-editor.default\">\n\t\t\t\t<div class=\"elementor-widget-container\">\n\t\t\t\t\t\t\t\t\t<h2>Fabriqu\u00e9 avec soin et expertise<\/h2><p>Les produits faits \u00e0 la main sont soumis \u00e0 un processus compl\u00e8tement diff\u00e9rent de celui des produits fabriqu\u00e9s en usine. Chez The Vegan Butcher&rsquo;s Choice, nous prenons le temps de :<br>&#8211; <strong>Perfectionner nos recettes<\/strong>, en veillant \u00e0 ce qu&rsquo;elles soient \u00e0 la hauteur du go\u00fbt et de la texture ;<br>&#8211; <strong>Innover avec de nouvelles saveurs et combinaisons<\/strong> que les marques de supermarch\u00e9 ne peuvent \u00e9galer ;<br>&#8211; <strong>Maintenir les techniques culinaires traditionnelles<\/strong>, en respectant l&rsquo;art de la fabrication des aliments tout en l&rsquo;adaptant aux alternatives \u00e0 base de plantes. <\/p><blockquote><p>Lorsque les aliments sont pr\u00e9par\u00e9s en petites quantit\u00e9s par des mains expertes, chaque bouch\u00e9e est riche en saveurs et en authenticit\u00e9.<\/p><\/blockquote>\t\t\t\t\t\t\t\t<\/div>\n\t\t\t\t<\/div>\n\t\t\t\t\t<\/div>\n\t\t<\/div>\n\t\t\t\t\t<\/div>\n\t\t<\/section>\n\t\t\t\t\t<\/div>\n\t\t<\/div>\n\t\t\t\t\t<\/div>\n\t\t<\/section>\n\t\t\t\t<\/div>\n\t\t","protected":false},"excerpt":{"rendered":"<p>Photo : Tim Vandenbrande Des personnes passionn\u00e9es par l&rsquo;alimentation v\u00e9g\u00e9talienne. The Vegan Butcher&rsquo;s Choice est une marque d&rsquo;alimentation artisanale sp\u00e9cialis\u00e9e dans les produits de viande et de fromage v\u00e9g\u00e9taliens, qui sont \u00e9galement largement utilis\u00e9s dans notre offre de restauration (catering). Nos produits sont fabriqu\u00e9s \u00e0 la main, localement \u00e0 partir d&rsquo;ingr\u00e9dients de haute qualit\u00e9 et [&hellip;]<\/p>\n","protected":false},"author":1,"featured_media":23453,"parent":0,"menu_order":0,"comment_status":"closed","ping_status":"closed","template":"","meta":{"inline_featured_image":false,"site-sidebar-layout":"no-sidebar","site-content-layout":"page-builder","ast-site-content-layout":"full-width-container","site-content-style":"unboxed","site-sidebar-style":"unboxed","ast-global-header-display":"","ast-banner-title-visibility":"","ast-main-header-display":"","ast-hfb-above-header-display":"","ast-hfb-below-header-display":"","ast-hfb-mobile-header-display":"","site-post-title":"disabled","ast-breadcrumbs-content":"","ast-featured-img":"disabled","footer-sml-layout":"","ast-disable-related-posts":"","theme-transparent-header-meta":"default","adv-header-id-meta":"","stick-header-meta":"default","header-above-stick-meta":"","header-main-stick-meta":"","header-below-stick-meta":"","astra-migrate-meta-layouts":"set","ast-page-background-enabled":"default","ast-page-background-meta":{"desktop":{"background-color":"","background-image":"","background-repeat":"repeat","background-position":"center center","background-size":"auto","background-attachment":"scroll","background-type":"","background-media":"","overlay-type":"","overlay-color":"","overlay-opacity":"","overlay-gradient":""},"tablet":{"background-color":"","background-image":"","background-repeat":"repeat","background-position":"center center","background-size":"auto","background-attachment":"scroll","background-type":"","background-media":"","overlay-type":"","overlay-color":"","overlay-opacity":"","overlay-gradient":""},"mobile":{"background-color":"","background-image":"","background-repeat":"repeat","background-position":"center center","background-size":"auto","background-attachment":"scroll","background-type":"","background-media":"","overlay-type":"","overlay-color":"","overlay-opacity":"","overlay-gradient":""}},"ast-content-background-meta":{"desktop":{"background-color":"var(--ast-global-color-5)","background-image":"","background-repeat":"repeat","background-position":"center center","background-size":"auto","background-attachment":"scroll","background-type":"","background-media":"","overlay-type":"","overlay-color":"","overlay-opacity":"","overlay-gradient":""},"tablet":{"background-color":"var(--ast-global-color-5)","background-image":"","background-repeat":"repeat","background-position":"center center","background-size":"auto","background-attachment":"scroll","background-type":"","background-media":"","overlay-type":"","overlay-color":"","overlay-opacity":"","overlay-gradient":""},"mobile":{"background-color":"var(--ast-global-color-5)","background-image":"","background-repeat":"repeat","background-position":"center center","background-size":"auto","background-attachment":"scroll","background-type":"","background-media":"","overlay-type":"","overlay-color":"","overlay-opacity":"","overlay-gradient":""}},"footnotes":""},"class_list":["post-18099","page","type-page","status-publish","has-post-thumbnail","hentry"],"_links":{"self":[{"href":"https:\/\/veganbutcher.be\/fr\/wp-json\/wp\/v2\/pages\/18099","targetHints":{"allow":["GET"]}}],"collection":[{"href":"https:\/\/veganbutcher.be\/fr\/wp-json\/wp\/v2\/pages"}],"about":[{"href":"https:\/\/veganbutcher.be\/fr\/wp-json\/wp\/v2\/types\/page"}],"author":[{"embeddable":true,"href":"https:\/\/veganbutcher.be\/fr\/wp-json\/wp\/v2\/users\/1"}],"replies":[{"embeddable":true,"href":"https:\/\/veganbutcher.be\/fr\/wp-json\/wp\/v2\/comments?post=18099"}],"version-history":[{"count":10,"href":"https:\/\/veganbutcher.be\/fr\/wp-json\/wp\/v2\/pages\/18099\/revisions"}],"predecessor-version":[{"id":25534,"href":"https:\/\/veganbutcher.be\/fr\/wp-json\/wp\/v2\/pages\/18099\/revisions\/25534"}],"wp:featuredmedia":[{"embeddable":true,"href":"https:\/\/veganbutcher.be\/fr\/wp-json\/wp\/v2\/media\/23453"}],"wp:attachment":[{"href":"https:\/\/veganbutcher.be\/fr\/wp-json\/wp\/v2\/media?parent=18099"}],"curies":[{"name":"wp","href":"https:\/\/api.w.org\/{rel}","templated":true}]}}