{"id":17910,"date":"2022-03-02T09:21:57","date_gmt":"2022-03-02T08:21:57","guid":{"rendered":"https:\/\/veganbutcher.be\/contact\/"},"modified":"2026-02-01T20:09:42","modified_gmt":"2026-02-01T19:09:42","slug":"contact","status":"publish","type":"page","link":"https:\/\/veganbutcher.be\/fr\/contact\/","title":{"rendered":"Contact"},"content":{"rendered":"\t\t<div data-elementor-type=\"wp-post\" data-elementor-id=\"17910\" class=\"elementor elementor-17910 elementor-8\" data-elementor-post-type=\"page\">\n\t\t\t\t\t\t<section class=\"elementor-section elementor-top-section elementor-element elementor-element-accc78d elementor-section-full_width elementor-section-height-min-height elementor-section-height-default elementor-section-items-middle\" data-id=\"accc78d\" data-element_type=\"section\" data-e-type=\"section\" data-settings=\"{&quot;background_background&quot;:&quot;classic&quot;}\">\n\t\t\t\t\t\t\t<div class=\"elementor-background-overlay\"><\/div>\n\t\t\t\t\t\t\t<div class=\"elementor-container elementor-column-gap-default\">\n\t\t\t\t\t<div class=\"elementor-column elementor-col-100 elementor-top-column elementor-element elementor-element-1476b33\" data-id=\"1476b33\" data-element_type=\"column\" data-e-type=\"column\">\n\t\t\t<div class=\"elementor-widget-wrap elementor-element-populated\">\n\t\t\t\t\t\t\t<\/div>\n\t\t<\/div>\n\t\t\t\t\t<\/div>\n\t\t<\/section>\n\t\t\t\t<section class=\"elementor-section elementor-top-section elementor-element elementor-element-9ba0441 elementor-section-boxed elementor-section-height-default elementor-section-height-default\" data-id=\"9ba0441\" data-element_type=\"section\" data-e-type=\"section\">\n\t\t\t\t\t\t<div class=\"elementor-container elementor-column-gap-default\">\n\t\t\t\t\t<div class=\"elementor-column elementor-col-100 elementor-top-column elementor-element elementor-element-bed62b5\" data-id=\"bed62b5\" data-element_type=\"column\" data-e-type=\"column\">\n\t\t\t<div class=\"elementor-widget-wrap elementor-element-populated\">\n\t\t\t\t\t\t<div class=\"elementor-element elementor-element-a0b3c26 elementor-widget elementor-widget-text-editor\" data-id=\"a0b3c26\" data-element_type=\"widget\" data-e-type=\"widget\" data-widget_type=\"text-editor.default\">\n\t\t\t\t<div class=\"elementor-widget-container\">\n\t\t\t\t\t\t\t\t\t<p><em>Photo : Tim Vandenbrande<\/em><\/p>\t\t\t\t\t\t\t\t<\/div>\n\t\t\t\t<\/div>\n\t\t\t\t\t<\/div>\n\t\t<\/div>\n\t\t\t\t\t<\/div>\n\t\t<\/section>\n\t\t\t\t<section class=\"elementor-section elementor-top-section elementor-element elementor-element-9de57fc elementor-section-boxed elementor-section-height-default elementor-section-height-default\" data-id=\"9de57fc\" data-element_type=\"section\" data-e-type=\"section\">\n\t\t\t\t\t\t<div class=\"elementor-container elementor-column-gap-default\">\n\t\t\t\t\t<div class=\"elementor-column elementor-col-50 elementor-top-column elementor-element elementor-element-df2465d\" data-id=\"df2465d\" data-element_type=\"column\" data-e-type=\"column\">\n\t\t\t<div class=\"elementor-widget-wrap elementor-element-populated\">\n\t\t\t\t\t\t<div class=\"elementor-element elementor-element-bbf4870 elementor-widget elementor-widget-text-editor\" data-id=\"bbf4870\" data-element_type=\"widget\" data-e-type=\"widget\" data-widget_type=\"text-editor.default\">\n\t\t\t\t<div class=\"elementor-widget-container\">\n\t\t\t\t\t\t\t\t\t<h2 style=\"text-align: center;\">Adresse<\/h2><p style=\"text-align: center;\">Rue Achille Detienne 6, 1030 Schaerbeek<\/p><h2 style=\"text-align: center;\">Courriel :<\/h2><p style=\"text-align: center;\"><a href=\"mailto:hello@veganbutcher.be\" target=\"_blank\" rel=\"noopener\">hello@veganbutcher.be<\/a><\/p><h2 style=\"text-align: center;\">T\u00e9l\u00e9phone<\/h2><p style=\"text-align: center;\">0456\/33 94 83<\/p>\t\t\t\t\t\t\t\t<\/div>\n\t\t\t\t<\/div>\n\t\t\t\t\t<\/div>\n\t\t<\/div>\n\t\t\t\t<div class=\"elementor-column elementor-col-50 elementor-top-column elementor-element elementor-element-e26a8f4\" data-id=\"e26a8f4\" data-element_type=\"column\" data-e-type=\"column\">\n\t\t\t<div class=\"elementor-widget-wrap elementor-element-populated\">\n\t\t\t\t\t\t<div class=\"elementor-element elementor-element-28d48e0 elementor-widget elementor-widget-text-editor\" data-id=\"28d48e0\" data-element_type=\"widget\" data-e-type=\"widget\" data-widget_type=\"text-editor.default\">\n\t\t\t\t<div class=\"elementor-widget-container\">\n\t\t\t\t\t\t\t\t\t<h2 style=\"text-align: center;\">Pickup et boutique physique<\/h2><p style=\"text-align: center;\">Lundi &#8211; ferm\u00e9<br>Mardi &#8211; ferm\u00e9<br>Mercredi 11.00 &#8211; 18.30<br>Jeudi 11.00 &#8211; 18.30<br>Vendredi 11.00 &#8211; 18.30<br>Samedi &#8211; ferm\u00e9<br>Dimanche &#8211; ferm\u00e9<\/p><h2 style=\"text-align: center;\">Livraisons \u00e0 Bruxelles<\/h2><p style=\"text-align: center;\">Mercredi entre 14.00 et 18.00<\/p><p style=\"text-align: center;\">Pour plus d&rsquo;informations sur les commandes de la boutique en ligne, veuillez <a href=\"https:\/\/shop.veganbutcher.be\/\" target=\"_blank\" rel=\"noopener\">consulter notre boutique en ligne<\/a>.<\/p>\t\t\t\t\t\t\t\t<\/div>\n\t\t\t\t<\/div>\n\t\t\t\t\t<\/div>\n\t\t<\/div>\n\t\t\t\t\t<\/div>\n\t\t<\/section>\n\t\t\t\t<section class=\"elementor-section elementor-top-section elementor-element elementor-element-5fe3fb7 elementor-section-boxed elementor-section-height-default elementor-section-height-default\" data-id=\"5fe3fb7\" data-element_type=\"section\" data-e-type=\"section\">\n\t\t\t\t\t\t<div class=\"elementor-container elementor-column-gap-default\">\n\t\t\t\t\t<div class=\"elementor-column elementor-col-100 elementor-top-column elementor-element elementor-element-c7aba90\" data-id=\"c7aba90\" data-element_type=\"column\" data-e-type=\"column\">\n\t\t\t<div class=\"elementor-widget-wrap elementor-element-populated\">\n\t\t\t\t\t\t<div class=\"elementor-element elementor-element-85310a7 elementor-widget elementor-widget-heading\" data-id=\"85310a7\" data-element_type=\"widget\" data-e-type=\"widget\" data-widget_type=\"heading.default\">\n\t\t\t\t<div class=\"elementor-widget-container\">\n\t\t\t\t\t<h1 class=\"elementor-heading-title elementor-size-default\">CONTACTEZ-NOUS<\/h1>\t\t\t\t<\/div>\n\t\t\t\t<\/div>\n\t\t\t\t<div class=\"elementor-element elementor-element-2a8f697 elementor-widget elementor-widget-wpforms\" data-id=\"2a8f697\" data-element_type=\"widget\" data-e-type=\"widget\" data-widget_type=\"wpforms.default\">\n\t\t\t\t<div class=\"elementor-widget-container\">\n\t\t\t\t\t<div class=\"wpforms-container \" id=\"wpforms-17973\"><form id=\"wpforms-form-17973\" class=\"wpforms-validate wpforms-form wpforms-ajax-form\" data-formid=\"17973\" method=\"post\" enctype=\"multipart\/form-data\" action=\"\/fr\/wp-json\/wp\/v2\/pages\/17910\" data-token=\"3eb2d6f1942c88391d692276af2b77f4\" data-token-time=\"1777318378\"><noscript class=\"wpforms-error-noscript\">Veuillez activer JavaScript dans votre navigateur pour remplir ce formulaire.<\/noscript><div class=\"wpforms-field-container\"><div id=\"wpforms-17973-field_1-container\" class=\"wpforms-field wpforms-field-name\" data-field-id=\"1\"><label class=\"wpforms-field-label\" for=\"wpforms-17973-field_1\">Nom <span class=\"wpforms-required-label\">*<\/span><\/label><input type=\"text\" id=\"wpforms-17973-field_1\" class=\"wpforms-field-medium wpforms-field-required\" name=\"wpforms[fields][1]\" required><\/div><div id=\"wpforms-17973-field_14-container\" class=\"wpforms-field wpforms-field-name\" data-field-id=\"14\"><label class=\"wpforms-field-label\" for=\"wpforms-17973-field_14\">Nom de la soci\u00e9t\u00e9<\/label><input type=\"text\" id=\"wpforms-17973-field_14\" class=\"wpforms-field-medium\" name=\"wpforms[fields][14]\" ><\/div><div id=\"wpforms-17973-field_3-container\" class=\"wpforms-field wpforms-field-email\" data-field-id=\"3\"><label class=\"wpforms-field-label\" for=\"wpforms-17973-field_3\">Courriel : <span class=\"wpforms-required-label\">*<\/span><\/label><input type=\"email\" id=\"wpforms-17973-field_3\" class=\"wpforms-field-medium wpforms-field-required\" name=\"wpforms[fields][3]\" spellcheck=\"false\" required><\/div><div id=\"wpforms-17973-field_15-container\" class=\"wpforms-field wpforms-field-radio\" data-field-id=\"15\"><label class=\"wpforms-field-label\">Je vous contacte pour (veuillez s\u00e9lectionner) <span class=\"wpforms-required-label\">*<\/span><\/label><ul id=\"wpforms-17973-field_15\" class=\"wpforms-field-required\"><li class=\"choice-2 depth-1\"><input type=\"radio\" id=\"wpforms-17973-field_15_2\" name=\"wpforms[fields][15]\" value=\"\u00c9v\u00e9nement professionnel (r\u00e9union, s\u00e9minaire,...)\" required ><label class=\"wpforms-field-label-inline\" for=\"wpforms-17973-field_15_2\">\u00c9v\u00e9nement professionnel (r\u00e9union, s\u00e9minaire,...)<\/label><\/li><li class=\"choice-1 depth-1\"><input type=\"radio\" id=\"wpforms-17973-field_15_1\" name=\"wpforms[fields][15]\" value=\"\u00c9v\u00e9nement priv\u00e9 (mariage, anniversaire,...)\" required ><label class=\"wpforms-field-label-inline\" for=\"wpforms-17973-field_15_1\">\u00c9v\u00e9nement priv\u00e9 (mariage, anniversaire,...)<\/label><\/li><li class=\"choice-3 depth-1\"><input type=\"radio\" id=\"wpforms-17973-field_15_3\" name=\"wpforms[fields][15]\" value=\"Horeca (restaurant, brasserie,...)\" required ><label class=\"wpforms-field-label-inline\" for=\"wpforms-17973-field_15_3\">Horeca (restaurant, brasserie,...)<\/label><\/li><li class=\"choice-4 depth-1\"><input type=\"radio\" id=\"wpforms-17973-field_15_4\" name=\"wpforms[fields][15]\" value=\"Autre\" required ><label class=\"wpforms-field-label-inline\" for=\"wpforms-17973-field_15_4\">Autre<\/label><\/li><\/ul><\/div><div id=\"wpforms-17973-field_12-container\" class=\"wpforms-field wpforms-field-checkbox\" data-field-id=\"12\"><label class=\"wpforms-field-label\">Demande d&#039;information<\/label><ul id=\"wpforms-17973-field_12\"><li class=\"choice-1 depth-1\"><input type=\"checkbox\" id=\"wpforms-17973-field_12_1\" name=\"wpforms[fields][12][]\" value=\"Je souhaite recevoir votre brochure d&#039;information et vos prix.\"  ><label class=\"wpforms-field-label-inline\" for=\"wpforms-17973-field_12_1\">Je souhaite recevoir votre brochure d'information et vos prix.<\/label><\/li><\/ul><\/div><div id=\"wpforms-17973-field_10-container\" class=\"wpforms-field wpforms-field-textarea\" data-field-id=\"10\"><label class=\"wpforms-field-label\" for=\"wpforms-17973-field_10\">Informations compl\u00e9mentaires et questions<\/label><textarea id=\"wpforms-17973-field_10\" class=\"wpforms-field-medium\" name=\"wpforms[fields][10]\" ><\/textarea><\/div><\/div><!-- .wpforms-field-container --><div class=\"wpforms-recaptcha-container wpforms-is-turnstile\" ><div class=\"wpforms-turnstile\" data-sitekey=\"0x4AAAAAAAN2wWQ_iQ0FpdUJ\" data-action=\"FormID-17973\"><\/div><input type=\"text\" name=\"g-recaptcha-hidden\" class=\"wpforms-recaptcha-hidden\" style=\"position:absolute!important;clip:rect(0,0,0,0)!important;height:1px!important;width:1px!important;border:0!important;overflow:hidden!important;padding:0!important;margin:0!important;\" data-rule-turnstile=\"1\"><\/div><div class=\"wpforms-submit-container\" ><input type=\"hidden\" name=\"wpforms[id]\" value=\"17973\"><input type=\"hidden\" name=\"page_title\" value=\"\"><input type=\"hidden\" name=\"page_url\" value=\"https:\/\/veganbutcher.be\/fr\/wp-json\/wp\/v2\/pages\/17910\"><input type=\"hidden\" name=\"url_referer\" value=\"\"><button type=\"submit\" name=\"wpforms[submit]\" id=\"wpforms-submit-17973\" class=\"wpforms-submit\" data-alt-text=\"Envoi...\" data-submit-text=\"Soumettre\" aria-live=\"assertive\" value=\"wpforms-submit\">Soumettre<\/button><img decoding=\"async\" src=\"https:\/\/veganbutcher.be\/wp-content\/plugins\/wpforms-lite\/assets\/images\/submit-spin.svg\" class=\"wpforms-submit-spinner\" style=\"display: none;\" width=\"26\" height=\"26\" alt=\"Chargement en cours\"><\/div><\/form><\/div>  <!-- .wpforms-container -->\t\t\t\t<\/div>\n\t\t\t\t<\/div>\n\t\t\t\t\t<\/div>\n\t\t<\/div>\n\t\t\t\t\t<\/div>\n\t\t<\/section>\n\t\t\t\t<\/div>\n\t\t","protected":false},"excerpt":{"rendered":"<p>Photo : Tim Vandenbrande Adresse Rue Achille Detienne 6, 1030 Schaerbeek Courriel : hello@veganbutcher.be T\u00e9l\u00e9phone 0456\/33 94 83 Pickup et boutique physique Lundi &#8211; ferm\u00e9Mardi &#8211; ferm\u00e9Mercredi 11.00 &#8211; 18.30Jeudi 11.00 &#8211; 18.30Vendredi 11.00 &#8211; 18.30Samedi &#8211; ferm\u00e9Dimanche &#8211; ferm\u00e9 Livraisons \u00e0 Bruxelles Mercredi entre 14.00 et 18.00 Pour plus d&rsquo;informations sur les commandes de [&hellip;]<\/p>\n","protected":false},"author":1,"featured_media":22761,"parent":0,"menu_order":0,"comment_status":"closed","ping_status":"closed","template":"","meta":{"inline_featured_image":false,"site-sidebar-layout":"no-sidebar","site-content-layout":"page-builder","ast-site-content-layout":"full-width-container","site-content-style":"unboxed","site-sidebar-style":"unboxed","ast-global-header-display":"","ast-banner-title-visibility":"","ast-main-header-display":"","ast-hfb-above-header-display":"","ast-hfb-below-header-display":"","ast-hfb-mobile-header-display":"","site-post-title":"disabled","ast-breadcrumbs-content":"","ast-featured-img":"","footer-sml-layout":"","ast-disable-related-posts":"","theme-transparent-header-meta":"enabled","adv-header-id-meta":"","stick-header-meta":"default","header-above-stick-meta":"","header-main-stick-meta":"","header-below-stick-meta":"","astra-migrate-meta-layouts":"set","ast-page-background-enabled":"default","ast-page-background-meta":{"desktop":{"background-color":"","background-image":"","background-repeat":"repeat","background-position":"center center","background-size":"auto","background-attachment":"scroll","background-type":"","background-media":"","overlay-type":"","overlay-color":"","overlay-opacity":"","overlay-gradient":""},"tablet":{"background-color":"","background-image":"","background-repeat":"repeat","background-position":"center center","background-size":"auto","background-attachment":"scroll","background-type":"","background-media":"","overlay-type":"","overlay-color":"","overlay-opacity":"","overlay-gradient":""},"mobile":{"background-color":"","background-image":"","background-repeat":"repeat","background-position":"center center","background-size":"auto","background-attachment":"scroll","background-type":"","background-media":"","overlay-type":"","overlay-color":"","overlay-opacity":"","overlay-gradient":""}},"ast-content-background-meta":{"desktop":{"background-color":"var(--ast-global-color-5)","background-image":"","background-repeat":"repeat","background-position":"center center","background-size":"auto","background-attachment":"scroll","background-type":"","background-media":"","overlay-type":"","overlay-color":"","overlay-opacity":"","overlay-gradient":""},"tablet":{"background-color":"var(--ast-global-color-5)","background-image":"","background-repeat":"repeat","background-position":"center center","background-size":"auto","background-attachment":"scroll","background-type":"","background-media":"","overlay-type":"","overlay-color":"","overlay-opacity":"","overlay-gradient":""},"mobile":{"background-color":"var(--ast-global-color-5)","background-image":"","background-repeat":"repeat","background-position":"center center","background-size":"auto","background-attachment":"scroll","background-type":"","background-media":"","overlay-type":"","overlay-color":"","overlay-opacity":"","overlay-gradient":""}},"footnotes":""},"class_list":["post-17910","page","type-page","status-publish","has-post-thumbnail","hentry"],"_links":{"self":[{"href":"https:\/\/veganbutcher.be\/fr\/wp-json\/wp\/v2\/pages\/17910","targetHints":{"allow":["GET"]}}],"collection":[{"href":"https:\/\/veganbutcher.be\/fr\/wp-json\/wp\/v2\/pages"}],"about":[{"href":"https:\/\/veganbutcher.be\/fr\/wp-json\/wp\/v2\/types\/page"}],"author":[{"embeddable":true,"href":"https:\/\/veganbutcher.be\/fr\/wp-json\/wp\/v2\/users\/1"}],"replies":[{"embeddable":true,"href":"https:\/\/veganbutcher.be\/fr\/wp-json\/wp\/v2\/comments?post=17910"}],"version-history":[{"count":10,"href":"https:\/\/veganbutcher.be\/fr\/wp-json\/wp\/v2\/pages\/17910\/revisions"}],"predecessor-version":[{"id":25445,"href":"https:\/\/veganbutcher.be\/fr\/wp-json\/wp\/v2\/pages\/17910\/revisions\/25445"}],"wp:featuredmedia":[{"embeddable":true,"href":"https:\/\/veganbutcher.be\/fr\/wp-json\/wp\/v2\/media\/22761"}],"wp:attachment":[{"href":"https:\/\/veganbutcher.be\/fr\/wp-json\/wp\/v2\/media?parent=17910"}],"curies":[{"name":"wp","href":"https:\/\/api.w.org\/{rel}","templated":true}]}}