{"id":17894,"date":"2022-03-02T09:19:00","date_gmt":"2022-03-02T08:19:00","guid":{"rendered":"https:\/\/veganbutcher.be\/prestations-de-service\/"},"modified":"2023-09-27T10:36:26","modified_gmt":"2023-09-27T08:36:26","slug":"prestations-de-service","status":"publish","type":"page","link":"https:\/\/veganbutcher.be\/fr\/prestations-de-service\/","title":{"rendered":"Nos services"},"content":{"rendered":"\t\t<div data-elementor-type=\"wp-post\" data-elementor-id=\"17894\" class=\"elementor elementor-17894\" data-elementor-post-type=\"page\">\n\t\t\t\t\t\t<section class=\"elementor-section elementor-top-section elementor-element elementor-element-2dbed9a elementor-section-boxed elementor-section-height-default elementor-section-height-default\" data-id=\"2dbed9a\" data-element_type=\"section\" data-e-type=\"section\">\n\t\t\t\t\t\t<div class=\"elementor-container elementor-column-gap-default\">\n\t\t\t\t\t<div class=\"elementor-column elementor-col-50 elementor-top-column elementor-element elementor-element-c54645a\" data-id=\"c54645a\" data-element_type=\"column\" data-e-type=\"column\">\n\t\t\t<div class=\"elementor-widget-wrap elementor-element-populated\">\n\t\t\t\t\t\t<div class=\"elementor-element elementor-element-f3c4d46 elementor-widget elementor-widget-image\" data-id=\"f3c4d46\" data-element_type=\"widget\" data-e-type=\"widget\" data-widget_type=\"image.default\">\n\t\t\t\t<div class=\"elementor-widget-container\">\n\t\t\t\t\t\t\t\t\t\t\t\t\t\t\t<img fetchpriority=\"high\" decoding=\"async\" width=\"475\" height=\"482\" src=\"https:\/\/veganbutcher.be\/wp-content\/uploads\/2021\/10\/butchers.jpg\" class=\"attachment-medium_large size-medium_large wp-image-17895\" alt=\"boucherie v\u00e9g\u00e9talienne logo bruxelles avec poulet comme ami\" srcset=\"https:\/\/veganbutcher.be\/wp-content\/uploads\/2021\/10\/butchers.jpg 475w, https:\/\/veganbutcher.be\/wp-content\/uploads\/2021\/10\/butchers-296x300.jpg 296w\" sizes=\"(max-width: 475px) 100vw, 475px\" \/>\t\t\t\t\t\t\t\t\t\t\t\t\t\t\t<\/div>\n\t\t\t\t<\/div>\n\t\t\t\t\t<\/div>\n\t\t<\/div>\n\t\t\t\t<div class=\"elementor-column elementor-col-50 elementor-top-column elementor-element elementor-element-1ca627b\" data-id=\"1ca627b\" data-element_type=\"column\" data-e-type=\"column\">\n\t\t\t<div class=\"elementor-widget-wrap elementor-element-populated\">\n\t\t\t\t\t\t<div class=\"elementor-element elementor-element-42fd904 elementor-widget elementor-widget-heading\" data-id=\"42fd904\" data-element_type=\"widget\" data-e-type=\"widget\" data-widget_type=\"heading.default\">\n\t\t\t\t<div class=\"elementor-widget-container\">\n\t\t\t\t\t<h1 class=\"elementor-heading-title elementor-size-xl\">Notre mission: Cr\u00e9er des produits v\u00e9g\u00e9taux de haute qualit\u00e9, pour tout le monde.<\/h1>\t\t\t\t<\/div>\n\t\t\t\t<\/div>\n\t\t\t\t<div class=\"elementor-element elementor-element-432499d elementor-widget-divider--view-line elementor-widget elementor-widget-divider\" data-id=\"432499d\" data-element_type=\"widget\" data-e-type=\"widget\" data-widget_type=\"divider.default\">\n\t\t\t\t<div class=\"elementor-widget-container\">\n\t\t\t\t\t\t\t<div class=\"elementor-divider\">\n\t\t\t<span class=\"elementor-divider-separator\">\n\t\t\t\t\t\t<\/span>\n\t\t<\/div>\n\t\t\t\t\t\t<\/div>\n\t\t\t\t<\/div>\n\t\t\t\t<div class=\"elementor-element elementor-element-8dff22f elementor-widget elementor-widget-text-editor\" data-id=\"8dff22f\" data-element_type=\"widget\" data-e-type=\"widget\" data-widget_type=\"text-editor.default\">\n\t\t\t\t<div class=\"elementor-widget-container\">\n\t\t\t\t\t\t\t\t\t<p>The Vegan Butcher\u2019s Choice offre un \u00e9ventail de services. Nous concentrons notre expertise dans la cr\u00e9ation de produits et de repas savoureux . Une alimentation artisanale ax\u00e9e sur des \u00ab viandes \u00bb et des \u00ab fromages \u00bb v\u00e9g\u00e9taliens : une exp\u00e9rience unique en Belgique et au-del\u00e0 !<\/p>\n\t\t\t\t\t\t\t\t<\/div>\n\t\t\t\t<\/div>\n\t\t\t\t<div class=\"elementor-element elementor-element-61a4e56 elementor-star-rating--align-center elementor--star-style-star_fontawesome elementor-widget elementor-widget-star-rating\" data-id=\"61a4e56\" data-element_type=\"widget\" data-e-type=\"widget\" data-widget_type=\"star-rating.default\">\n\t\t\t\t<div class=\"elementor-widget-container\">\n\t\t\t\t\t\t\t<div class=\"elementor-star-rating__wrapper\">\n\t\t\t\t\t\t<div class=\"elementor-star-rating\" itemtype=\"http:\/\/schema.org\/Rating\" itemscope=\"\" itemprop=\"reviewRating\">\n\t\t\t\t<i class=\"elementor-star-full\" aria-hidden=\"true\">&#xE934;<\/i><i class=\"elementor-star-full\" aria-hidden=\"true\">&#xE934;<\/i><i class=\"elementor-star-full\" aria-hidden=\"true\">&#xE934;<\/i><i class=\"elementor-star-full\" aria-hidden=\"true\">&#xE934;<\/i><i class=\"elementor-star-9\" aria-hidden=\"true\">&#xE934;<\/i>\t\t\t\t<span itemprop=\"ratingValue\" class=\"elementor-screen-only\">Not\u00e9 4.9 sur 5<\/span>\n\t\t\t<\/div>\n\t\t<\/div>\n\t\t\t\t\t\t<\/div>\n\t\t\t\t<\/div>\n\t\t\t\t<div class=\"elementor-element elementor-element-4ecee15 elementor-headline--style-highlight elementor-widget elementor-widget-animated-headline\" data-id=\"4ecee15\" data-element_type=\"widget\" data-e-type=\"widget\" data-settings=\"{&quot;highlighted_text&quot;:&quot;4,9 \\\/ 5&quot;,&quot;headline_style&quot;:&quot;highlight&quot;,&quot;marker&quot;:&quot;circle&quot;,&quot;loop&quot;:&quot;yes&quot;,&quot;highlight_animation_duration&quot;:1200,&quot;highlight_iteration_delay&quot;:8000}\" data-widget_type=\"animated-headline.default\">\n\t\t\t\t<div class=\"elementor-widget-container\">\n\t\t\t\t\t\t\t<h2 class=\"elementor-headline\">\n\t\t\t\t\t<span class=\"elementor-headline-plain-text elementor-headline-text-wrapper\">Notre classement Google \/ Facebook est <\/span>\n\t\t\t\t<span class=\"elementor-headline-dynamic-wrapper elementor-headline-text-wrapper\">\n\t\t\t\t\t<span class=\"elementor-headline-dynamic-text elementor-headline-text-active\">4,9 \/ 5<\/span>\n\t\t\t\t<\/span>\n\t\t\t\t<\/h2>\n\t\t\t\t\t\t<\/div>\n\t\t\t\t<\/div>\n\t\t\t\t\t<\/div>\n\t\t<\/div>\n\t\t\t\t\t<\/div>\n\t\t<\/section>\n\t\t\t\t<section class=\"elementor-section elementor-inner-section elementor-element elementor-element-d6c60ea elementor-section-boxed elementor-section-height-default elementor-section-height-default\" data-id=\"d6c60ea\" data-element_type=\"section\" data-e-type=\"section\">\n\t\t\t\t\t\t<div class=\"elementor-container elementor-column-gap-default\">\n\t\t\t\t\t<div class=\"elementor-column elementor-col-50 elementor-inner-column elementor-element elementor-element-f20a204\" data-id=\"f20a204\" data-element_type=\"column\" data-e-type=\"column\">\n\t\t\t<div class=\"elementor-widget-wrap elementor-element-populated\">\n\t\t\t\t\t\t<div class=\"elementor-element elementor-element-bfd172b elementor-widget elementor-widget-image\" data-id=\"bfd172b\" data-element_type=\"widget\" data-e-type=\"widget\" data-widget_type=\"image.default\">\n\t\t\t\t<div class=\"elementor-widget-container\">\n\t\t\t\t\t\t\t\t\t\t\t\t\t\t\t<img decoding=\"async\" src=\"https:\/\/veganbutcher.be\/wp-content\/uploads\/elementor\/thumbs\/vegan-butcher-quiche-pwox6wt317t1t5bjw5298ztrshcmssemjjm2xi8mte.jpg\" title=\"vegan-butcher-quiche\" alt=\"vegan butcher quiche\" loading=\"lazy\" \/>\t\t\t\t\t\t\t\t\t\t\t\t\t\t\t<\/div>\n\t\t\t\t<\/div>\n\t\t\t\t<div class=\"elementor-element elementor-element-c17baf9 elementor-widget elementor-widget-image-box\" data-id=\"c17baf9\" data-element_type=\"widget\" data-e-type=\"widget\" data-widget_type=\"image-box.default\">\n\t\t\t\t<div class=\"elementor-widget-container\">\n\t\t\t\t\t<div class=\"elementor-image-box-wrapper\"><div class=\"elementor-image-box-content\"><h5 class=\"elementor-image-box-title\"><a href=\"https:\/\/veganbutcher.be\/fr\/traiteur-entreprises\/\">SERVICE TRAITEUR POUR ENTREPRISES<\/a><\/h5><p class=\"elementor-image-box-description\">Nous fournissons des repas vegans, de l'entr\u00e9e au dessert, livr\u00e9s \u00e0 votre bureau. <a href=\"https:\/\/veganbutcher.be\/fr\/traiteur-entreprises\/\">Vous trouverez plus d'informations ici.<\/a><\/p><\/div><\/div>\t\t\t\t<\/div>\n\t\t\t\t<\/div>\n\t\t\t\t\t<\/div>\n\t\t<\/div>\n\t\t\t\t<div class=\"elementor-column elementor-col-50 elementor-inner-column elementor-element elementor-element-bce40d9\" data-id=\"bce40d9\" data-element_type=\"column\" data-e-type=\"column\">\n\t\t\t<div class=\"elementor-widget-wrap elementor-element-populated\">\n\t\t\t\t\t\t<div class=\"elementor-element elementor-element-cce00ea elementor-widget elementor-widget-image\" data-id=\"cce00ea\" data-element_type=\"widget\" data-e-type=\"widget\" data-widget_type=\"image.default\">\n\t\t\t\t<div class=\"elementor-widget-container\">\n\t\t\t\t\t\t\t\t\t\t\t\t\t\t\t<img decoding=\"async\" src=\"https:\/\/veganbutcher.be\/wp-content\/uploads\/elementor\/thumbs\/vegan-butcher-private-events-pwoxd3ku0ya08qbyrbcu5xm0ksumh1z0e685o32buq.jpg\" title=\"vegan-butcher-private-events\" alt=\"vegan butcher private events\" loading=\"lazy\" \/>\t\t\t\t\t\t\t\t\t\t\t\t\t\t\t<\/div>\n\t\t\t\t<\/div>\n\t\t\t\t<div class=\"elementor-element elementor-element-d0c44fe elementor-widget elementor-widget-image-box\" data-id=\"d0c44fe\" data-element_type=\"widget\" data-e-type=\"widget\" data-widget_type=\"image-box.default\">\n\t\t\t\t<div class=\"elementor-widget-container\">\n\t\t\t\t\t<div class=\"elementor-image-box-wrapper\"><div class=\"elementor-image-box-content\"><h5 class=\"elementor-image-box-title\"><a href=\"#contact\">\u00c9V\u00c9NEMENTS PRIV\u00c9S<\/a><\/h5><p class=\"elementor-image-box-description\">Mariages, f\u00eates d'anniversaire, barbecues et bien plus encore.<a href=\"#contact\"> Contactez-nous pour plus d'informations.<\/a><\/p><\/div><\/div>\t\t\t\t<\/div>\n\t\t\t\t<\/div>\n\t\t\t\t\t<\/div>\n\t\t<\/div>\n\t\t\t\t\t<\/div>\n\t\t<\/section>\n\t\t\t\t<section class=\"elementor-section elementor-inner-section elementor-element elementor-element-3dca23c elementor-section-boxed elementor-section-height-default elementor-section-height-default\" data-id=\"3dca23c\" data-element_type=\"section\" data-e-type=\"section\">\n\t\t\t\t\t\t<div class=\"elementor-container elementor-column-gap-default\">\n\t\t\t\t\t<div class=\"elementor-column elementor-col-50 elementor-inner-column elementor-element elementor-element-f58b4c4\" data-id=\"f58b4c4\" data-element_type=\"column\" data-e-type=\"column\">\n\t\t\t<div class=\"elementor-widget-wrap elementor-element-populated\">\n\t\t\t\t\t\t<div class=\"elementor-element elementor-element-d7fa0e3 elementor-widget elementor-widget-image\" data-id=\"d7fa0e3\" data-element_type=\"widget\" data-e-type=\"widget\" data-widget_type=\"image.default\">\n\t\t\t\t<div class=\"elementor-widget-container\">\n\t\t\t\t\t\t\t\t\t\t\t\t\t\t\t<img decoding=\"async\" src=\"https:\/\/veganbutcher.be\/wp-content\/uploads\/elementor\/thumbs\/vegan-butcher-horeca-pwoxgfw6bqupith78rd31390m4dlub8nipqb3i3xqa.jpg\" title=\"vegan-butcher-horeca\" alt=\"vegan butcher horeca\" loading=\"lazy\" \/>\t\t\t\t\t\t\t\t\t\t\t\t\t\t\t<\/div>\n\t\t\t\t<\/div>\n\t\t\t\t<div class=\"elementor-element elementor-element-00d7c15 elementor-widget elementor-widget-image-box\" data-id=\"00d7c15\" data-element_type=\"widget\" data-e-type=\"widget\" data-widget_type=\"image-box.default\">\n\t\t\t\t<div class=\"elementor-widget-container\">\n\t\t\t\t\t<div class=\"elementor-image-box-wrapper\"><div class=\"elementor-image-box-content\"><h5 class=\"elementor-image-box-title\"><a href=\"#contact\">HORECA<\/a><\/h5><p class=\"elementor-image-box-description\">Des produits \u00e0 base de plantes de haute qualit\u00e9 et artisanaux sur votre menu ? Nous vous fournissons ce dont vous avez besoin. <a href=\"#contact\"> Contactez-nous pour plus d'informations.<\/a><\/p><\/div><\/div>\t\t\t\t<\/div>\n\t\t\t\t<\/div>\n\t\t\t\t\t<\/div>\n\t\t<\/div>\n\t\t\t\t<div class=\"elementor-column elementor-col-50 elementor-inner-column elementor-element elementor-element-31ca30b\" data-id=\"31ca30b\" data-element_type=\"column\" data-e-type=\"column\">\n\t\t\t<div class=\"elementor-widget-wrap elementor-element-populated\">\n\t\t\t\t\t\t<div class=\"elementor-element elementor-element-238cce3 elementor-widget elementor-widget-image\" data-id=\"238cce3\" data-element_type=\"widget\" data-e-type=\"widget\" data-widget_type=\"image.default\">\n\t\t\t\t<div class=\"elementor-widget-container\">\n\t\t\t\t\t\t\t\t\t\t\t\t\t\t\t<img decoding=\"async\" src=\"https:\/\/veganbutcher.be\/wp-content\/uploads\/elementor\/thumbs\/vegan-butcher-black-bean-burger-pwowzf1ejrjr927enegbvdwhawaafnnnugdq73cmf6.jpg\" title=\"boucherie v\u00e9g\u00e9talienne &#8211; hamburger aux haricots noirs\" alt=\"hamburger v\u00e9g\u00e9talien aux haricots noirs\" loading=\"lazy\" \/>\t\t\t\t\t\t\t\t\t\t\t\t\t\t\t<\/div>\n\t\t\t\t<\/div>\n\t\t\t\t<div class=\"elementor-element elementor-element-66bbc4f elementor-widget elementor-widget-image-box\" data-id=\"66bbc4f\" data-element_type=\"widget\" data-e-type=\"widget\" data-widget_type=\"image-box.default\">\n\t\t\t\t<div class=\"elementor-widget-container\">\n\t\t\t\t\t<div class=\"elementor-image-box-wrapper\"><div class=\"elementor-image-box-content\"><h5 class=\"elementor-image-box-title\"><a href=\"https:\/\/shop.veganbutcher.be\/\" target=\"_blank\">BOUTIQUE EN LIGNE ET PHYSIQUE<\/a><\/h5><p class=\"elementor-image-box-description\">Vous recherchez des substituts de viande et de fromage artisanaux, savoureux et nutritifs ? <a href=\"https:\/\/shop.veganbutcher.be\/\">Visitez notre boutique en ligne.<\/a><\/p><\/div><\/div>\t\t\t\t<\/div>\n\t\t\t\t<\/div>\n\t\t\t\t\t<\/div>\n\t\t<\/div>\n\t\t\t\t\t<\/div>\n\t\t<\/section>\n\t\t\t\t<section class=\"elementor-section elementor-top-section elementor-element elementor-element-2d008c9 elementor-section-boxed elementor-section-height-default elementor-section-height-default\" data-id=\"2d008c9\" data-element_type=\"section\" data-e-type=\"section\" data-settings=\"{&quot;background_background&quot;:&quot;classic&quot;}\">\n\t\t\t\t\t\t<div class=\"elementor-container elementor-column-gap-default\">\n\t\t\t\t\t<div class=\"elementor-column elementor-col-100 elementor-top-column elementor-element elementor-element-0bb2397\" data-id=\"0bb2397\" data-element_type=\"column\" data-e-type=\"column\">\n\t\t\t<div class=\"elementor-widget-wrap elementor-element-populated\">\n\t\t\t\t\t\t<div class=\"elementor-element elementor-element-c702042 elementor-widget elementor-widget-heading\" data-id=\"c702042\" data-element_type=\"widget\" data-e-type=\"widget\" id=\"contact\" data-widget_type=\"heading.default\">\n\t\t\t\t<div class=\"elementor-widget-container\">\n\t\t\t\t\t<h1 class=\"elementor-heading-title elementor-size-default\">CONTACTEZ-NOUS POUR PLUS D'INFORMATIONS<\/h1>\t\t\t\t<\/div>\n\t\t\t\t<\/div>\n\t\t\t\t<div class=\"elementor-element elementor-element-91fb7d3 elementor-widget elementor-widget-wpforms\" data-id=\"91fb7d3\" data-element_type=\"widget\" data-e-type=\"widget\" data-widget_type=\"wpforms.default\">\n\t\t\t\t<div class=\"elementor-widget-container\">\n\t\t\t\t\t<div class=\"wpforms-container \" id=\"wpforms-17973\"><form id=\"wpforms-form-17973\" class=\"wpforms-validate wpforms-form wpforms-ajax-form\" data-formid=\"17973\" method=\"post\" enctype=\"multipart\/form-data\" action=\"\/fr\/wp-json\/wp\/v2\/pages\/17894\" data-token=\"b0e53f6c388d0e985d8563af21ec04b4\" data-token-time=\"1775521029\"><noscript class=\"wpforms-error-noscript\">Veuillez activer JavaScript dans votre navigateur pour remplir ce formulaire.<\/noscript><div class=\"wpforms-field-container\"><div id=\"wpforms-17973-field_1-container\" class=\"wpforms-field wpforms-field-name\" data-field-id=\"1\"><label class=\"wpforms-field-label\" for=\"wpforms-17973-field_1\">Nom <span class=\"wpforms-required-label\">*<\/span><\/label><input type=\"text\" id=\"wpforms-17973-field_1\" class=\"wpforms-field-medium wpforms-field-required\" name=\"wpforms[fields][1]\" required><\/div><div id=\"wpforms-17973-field_14-container\" class=\"wpforms-field wpforms-field-name\" data-field-id=\"14\"><label class=\"wpforms-field-label\" for=\"wpforms-17973-field_14\">Nom de la soci\u00e9t\u00e9<\/label><input type=\"text\" id=\"wpforms-17973-field_14\" class=\"wpforms-field-medium\" name=\"wpforms[fields][14]\" ><\/div><div id=\"wpforms-17973-field_3-container\" class=\"wpforms-field wpforms-field-email\" data-field-id=\"3\"><label class=\"wpforms-field-label\" for=\"wpforms-17973-field_3\">Courriel : <span class=\"wpforms-required-label\">*<\/span><\/label><input type=\"email\" id=\"wpforms-17973-field_3\" class=\"wpforms-field-medium wpforms-field-required\" name=\"wpforms[fields][3]\" spellcheck=\"false\" required><\/div><div id=\"wpforms-17973-field_15-container\" class=\"wpforms-field wpforms-field-radio\" data-field-id=\"15\"><label class=\"wpforms-field-label\">Je vous contacte pour (veuillez s\u00e9lectionner) <span class=\"wpforms-required-label\">*<\/span><\/label><ul id=\"wpforms-17973-field_15\" class=\"wpforms-field-required\"><li class=\"choice-2 depth-1\"><input type=\"radio\" id=\"wpforms-17973-field_15_2\" name=\"wpforms[fields][15]\" value=\"\u00c9v\u00e9nement professionnel (r\u00e9union, s\u00e9minaire,...)\" required ><label class=\"wpforms-field-label-inline\" for=\"wpforms-17973-field_15_2\">\u00c9v\u00e9nement professionnel (r\u00e9union, s\u00e9minaire,...)<\/label><\/li><li class=\"choice-1 depth-1\"><input type=\"radio\" id=\"wpforms-17973-field_15_1\" name=\"wpforms[fields][15]\" value=\"\u00c9v\u00e9nement priv\u00e9 (mariage, anniversaire,...)\" required ><label class=\"wpforms-field-label-inline\" for=\"wpforms-17973-field_15_1\">\u00c9v\u00e9nement priv\u00e9 (mariage, anniversaire,...)<\/label><\/li><li class=\"choice-3 depth-1\"><input type=\"radio\" id=\"wpforms-17973-field_15_3\" name=\"wpforms[fields][15]\" value=\"Horeca (restaurant, brasserie,...)\" required ><label class=\"wpforms-field-label-inline\" for=\"wpforms-17973-field_15_3\">Horeca (restaurant, brasserie,...)<\/label><\/li><li class=\"choice-4 depth-1\"><input type=\"radio\" id=\"wpforms-17973-field_15_4\" name=\"wpforms[fields][15]\" value=\"Autre\" required ><label class=\"wpforms-field-label-inline\" for=\"wpforms-17973-field_15_4\">Autre<\/label><\/li><\/ul><\/div><div id=\"wpforms-17973-field_12-container\" class=\"wpforms-field wpforms-field-checkbox\" data-field-id=\"12\"><label class=\"wpforms-field-label\">Demande d&#039;information<\/label><ul id=\"wpforms-17973-field_12\"><li class=\"choice-1 depth-1\"><input type=\"checkbox\" id=\"wpforms-17973-field_12_1\" name=\"wpforms[fields][12][]\" value=\"Je souhaite recevoir votre brochure d&#039;information et vos prix.\"  ><label class=\"wpforms-field-label-inline\" for=\"wpforms-17973-field_12_1\">Je souhaite recevoir votre brochure d'information et vos prix.<\/label><\/li><\/ul><\/div><div id=\"wpforms-17973-field_10-container\" class=\"wpforms-field wpforms-field-textarea\" data-field-id=\"10\"><label class=\"wpforms-field-label\" for=\"wpforms-17973-field_10\">Informations compl\u00e9mentaires et questions<\/label><textarea id=\"wpforms-17973-field_10\" class=\"wpforms-field-medium\" name=\"wpforms[fields][10]\" ><\/textarea><\/div><\/div><!-- .wpforms-field-container --><div class=\"wpforms-recaptcha-container wpforms-is-turnstile\" ><div class=\"wpforms-turnstile\" data-sitekey=\"0x4AAAAAAAN2wWQ_iQ0FpdUJ\" data-action=\"FormID-17973\"><\/div><input type=\"text\" name=\"g-recaptcha-hidden\" class=\"wpforms-recaptcha-hidden\" style=\"position:absolute!important;clip:rect(0,0,0,0)!important;height:1px!important;width:1px!important;border:0!important;overflow:hidden!important;padding:0!important;margin:0!important;\" data-rule-turnstile=\"1\"><\/div><div class=\"wpforms-submit-container\" ><input type=\"hidden\" name=\"wpforms[id]\" value=\"17973\"><input type=\"hidden\" name=\"page_title\" value=\"\"><input type=\"hidden\" name=\"page_url\" value=\"https:\/\/veganbutcher.be\/fr\/wp-json\/wp\/v2\/pages\/17894\"><input type=\"hidden\" name=\"url_referer\" value=\"\"><button type=\"submit\" name=\"wpforms[submit]\" id=\"wpforms-submit-17973\" class=\"wpforms-submit\" data-alt-text=\"Envoi...\" data-submit-text=\"Soumettre\" aria-live=\"assertive\" value=\"wpforms-submit\">Soumettre<\/button><img decoding=\"async\" src=\"https:\/\/veganbutcher.be\/wp-content\/plugins\/wpforms-lite\/assets\/images\/submit-spin.svg\" class=\"wpforms-submit-spinner\" style=\"display: none;\" width=\"26\" height=\"26\" alt=\"Chargement en cours\"><\/div><\/form><\/div>  <!-- .wpforms-container -->\t\t\t\t<\/div>\n\t\t\t\t<\/div>\n\t\t\t\t\t<\/div>\n\t\t<\/div>\n\t\t\t\t\t<\/div>\n\t\t<\/section>\n\t\t\t\t<\/div>\n\t\t","protected":false},"excerpt":{"rendered":"<p>Notre mission: Cr\u00e9er des produits v\u00e9g\u00e9taux de haute qualit\u00e9, pour tout le monde. The Vegan Butcher\u2019s Choice offre un \u00e9ventail de services. Nous concentrons notre expertise dans la cr\u00e9ation de produits et de repas savoureux . Une alimentation artisanale ax\u00e9e sur des \u00ab viandes \u00bb et des \u00ab fromages \u00bb v\u00e9g\u00e9taliens : une exp\u00e9rience unique [&hellip;]<\/p>\n","protected":false},"author":1,"featured_media":0,"parent":0,"menu_order":0,"comment_status":"closed","ping_status":"closed","template":"","meta":{"inline_featured_image":false,"site-sidebar-layout":"no-sidebar","site-content-layout":"page-builder","ast-site-content-layout":"default","site-content-style":"default","site-sidebar-style":"default","ast-global-header-display":"","ast-banner-title-visibility":"","ast-main-header-display":"","ast-hfb-above-header-display":"","ast-hfb-below-header-display":"","ast-hfb-mobile-header-display":"","site-post-title":"disabled","ast-breadcrumbs-content":"","ast-featured-img":"disabled","footer-sml-layout":"","ast-disable-related-posts":"","theme-transparent-header-meta":"disabled","adv-header-id-meta":"","stick-header-meta":"default","header-above-stick-meta":"","header-main-stick-meta":"","header-below-stick-meta":"","astra-migrate-meta-layouts":"default","ast-page-background-enabled":"default","ast-page-background-meta":{"desktop":{"background-color":"","background-image":"","background-repeat":"repeat","background-position":"center center","background-size":"auto","background-attachment":"scroll","background-type":"","background-media":"","overlay-type":"","overlay-color":"","overlay-opacity":"","overlay-gradient":""},"tablet":{"background-color":"","background-image":"","background-repeat":"repeat","background-position":"center center","background-size":"auto","background-attachment":"scroll","background-type":"","background-media":"","overlay-type":"","overlay-color":"","overlay-opacity":"","overlay-gradient":""},"mobile":{"background-color":"","background-image":"","background-repeat":"repeat","background-position":"center center","background-size":"auto","background-attachment":"scroll","background-type":"","background-media":"","overlay-type":"","overlay-color":"","overlay-opacity":"","overlay-gradient":""}},"ast-content-background-meta":{"desktop":{"background-color":"var(--ast-global-color-5)","background-image":"","background-repeat":"repeat","background-position":"center center","background-size":"auto","background-attachment":"scroll","background-type":"","background-media":"","overlay-type":"","overlay-color":"","overlay-opacity":"","overlay-gradient":""},"tablet":{"background-color":"var(--ast-global-color-5)","background-image":"","background-repeat":"repeat","background-position":"center center","background-size":"auto","background-attachment":"scroll","background-type":"","background-media":"","overlay-type":"","overlay-color":"","overlay-opacity":"","overlay-gradient":""},"mobile":{"background-color":"var(--ast-global-color-5)","background-image":"","background-repeat":"repeat","background-position":"center center","background-size":"auto","background-attachment":"scroll","background-type":"","background-media":"","overlay-type":"","overlay-color":"","overlay-opacity":"","overlay-gradient":""}},"footnotes":""},"class_list":["post-17894","page","type-page","status-publish","hentry"],"_links":{"self":[{"href":"https:\/\/veganbutcher.be\/fr\/wp-json\/wp\/v2\/pages\/17894","targetHints":{"allow":["GET"]}}],"collection":[{"href":"https:\/\/veganbutcher.be\/fr\/wp-json\/wp\/v2\/pages"}],"about":[{"href":"https:\/\/veganbutcher.be\/fr\/wp-json\/wp\/v2\/types\/page"}],"author":[{"embeddable":true,"href":"https:\/\/veganbutcher.be\/fr\/wp-json\/wp\/v2\/users\/1"}],"replies":[{"embeddable":true,"href":"https:\/\/veganbutcher.be\/fr\/wp-json\/wp\/v2\/comments?post=17894"}],"version-history":[{"count":29,"href":"https:\/\/veganbutcher.be\/fr\/wp-json\/wp\/v2\/pages\/17894\/revisions"}],"predecessor-version":[{"id":21972,"href":"https:\/\/veganbutcher.be\/fr\/wp-json\/wp\/v2\/pages\/17894\/revisions\/21972"}],"wp:attachment":[{"href":"https:\/\/veganbutcher.be\/fr\/wp-json\/wp\/v2\/media?parent=17894"}],"curies":[{"name":"wp","href":"https:\/\/api.w.org\/{rel}","templated":true}]}}